{"id":8884,"date":"2026-02-06T12:55:18","date_gmt":"2026-02-06T12:55:18","guid":{"rendered":"https:\/\/cabinet-frayre.com\/el-equipo\/mathilde-isabal\/"},"modified":"2026-03-12T18:12:36","modified_gmt":"2026-03-12T18:12:36","slug":"mathilde-isabal","status":"publish","type":"page","link":"https:\/\/cabinet-frayre.com\/es\/el-equipo\/mathilde-isabal\/","title":{"rendered":"Mathilde ISABAL"},"content":{"rendered":"\t\t<div data-elementor-type=\"wp-page\" data-elementor-id=\"8884\" class=\"elementor elementor-8884 elementor-6217\">\n\t\t\t\t<div class=\"elementor-element elementor-element-701caa4 e-flex e-con-boxed e-con e-parent\" data-id=\"701caa4\" data-element_type=\"container\">\n\t\t\t\t\t<div class=\"e-con-inner\">\n\t\t\r\n\t\t<div class=\"elementor-element elementor-element-4d3455c elementor-widget elementor-widget-ensafteaminfo\" data-id=\"4d3455c\" data-element_type=\"widget\" data-widget_type=\"ensafteaminfo.default\">\n\t\t\t\t<div class=\"elementor-widget-container\">\n\t\t\t\t\t<div class=\"team-details\"><div class=\"row\"><div class=\"col-xl-5\"><div class=\"mb-40 mb-xl-0\"><img decoding=\"async\" src=\"https:\/\/cabinet-frayre.com\/wp-content\/uploads\/2026\/01\/mathilde-isabal.webp\" alt=\"Mathilde ISABAL\"  class=\"w-100\" \/><\/div><\/div><div class=\"col-xl-7 ps-3 ps-xl-5 align-self-center\"><div class=\"team-about\"><div class=\"team-wrapp\"><div class=\"top-wrap\"><div class=\"title-wrap\"><h3 class=\"team-about_title\">Mathilde ISABAL<\/h3><p class=\"team-about_desig\">Genealogista y b\u00fasqueda de herederos<\/p><\/div><div class=\"th-social\"><a  rel=\"nofollow\" href=\"http:\/\/isabal@cabinet-frayre.com\"><i aria-hidden=\"true\" class=\"far fa-envelope\"><\/i><\/a> <\/div><\/div><p class=\"team-about_text\">Motivada por la investigaci\u00f3n, el rigor jur\u00eddico y estimulada por las zonas grises que conforman la historia familiar de cada persona, Mathilde se sinti\u00f3 atra\u00edda l\u00f3gicamente por la genealog\u00eda.\n\nTras un m\u00e1ster de un a\u00f1o en derecho privado, consolidando sus estudios jur\u00eddicos, adquiri\u00f3 experiencia trabajando como asistente de genealogista.\n\nUn a\u00f1o sab\u00e1tico en el extranjero tambi\u00e9n le permiti\u00f3 perfeccionar su ingl\u00e9s, lo que facilit\u00f3 sus intercambios en el \u00e1mbito de las sucesiones internacionales.<\/p><\/div><div class=\"about-info-wrap\"><div class=\"about-info\"><div class=\"about-info_icon\"><i class=\"fas fa-phone\"><\/i><\/div><div class=\"about-info_content\"><p class=\"about-info_subtitle\">Tel\u00e9fono<\/p><h6 class=\"about-info_title\"><a href=\"tel:+37797770477\">(+377) 97 77 04 77<\/a><\/h6><\/div><\/div><div class=\"about-info\"><div class=\"about-info_icon\"><i class=\"fas fa-envelope\"><\/i><\/div><div class=\"about-info_content\"><p class=\"about-info_subtitle\">Email<\/p><h6 class=\"about-info_title\"><a href=\"mailto:isabal@cabinet-frayre.com\">isabal@cabinet-frayre.com<\/a><\/h6><\/div><\/div><div class=\"about-info\"><div class=\"about-info_icon\"><i class=\"fa-solid fa-map-marker\"><\/i><\/div><div class=\"about-info_content\"><p class=\"about-info_subtitle\">Ubicaci\u00f3n<\/p><h6 class=\"about-info_title\"><a href=\"https:\/\/cabinet-frayre.com\/es\/contacto\/\">M\u00f3naco<\/a><\/h6><\/div><\/div><\/div><a href=\"https:\/\/cabinet-frayre.com\/es\/contacto\/\" class=\"th-btn style2 th_btn\">Cont\u00e1ctenos<i class=\"fa-regular fa-arrow-right-long\"><\/i><\/a><\/div><\/div><\/div><\/div>\t\t\t\t<\/div>\n\t\t\t\t<\/div>\n\t\t\t\t\t<\/div>\n\t\t\t\t<\/div>\n\t\t\t\t<\/div>\n\t\t","protected":false},"excerpt":{"rendered":"<p>Mathilde ISABAL Genealogista y b\u00fasqueda de herederos Motivada por la investigaci\u00f3n, el rigor jur\u00eddico y estimulada por las zonas grises que conforman la historia familiar de cada persona, Mathilde se sinti\u00f3 atra\u00edda l\u00f3gicamente por la genealog\u00eda. Tras un m\u00e1ster de un a\u00f1o en derecho privado, consolidando sus estudios jur\u00eddicos, adquiri\u00f3 experiencia trabajando como asistente de&#8230;<\/p>\n","protected":false},"author":1,"featured_media":0,"parent":8796,"menu_order":0,"comment_status":"closed","ping_status":"closed","template":"elementor_header_footer","meta":{"footnotes":""},"class_list":["post-8884","page","type-page","status-publish","hentry"],"yoast_head":"<!-- This site is optimized with the Yoast SEO plugin v26.8 - https:\/\/yoast.com\/product\/yoast-seo-wordpress\/ -->\n<title>Mathilde ISABAL, Genealogista y buscadora de herederos | Cabinet Frayre et Associ\u00e9s | M\u00f3naco<\/title>\n<meta name=\"description\" content=\"Mathilde ISABAL, Genealogista con m\u00e1ster en derecho privado, especializada en b\u00fasqueda de herederos e investigaciones sucesorias internacionales.\" \/>\n<meta name=\"robots\" content=\"index, follow, max-snippet:-1, max-image-preview:large, max-video-preview:-1\" \/>\n<link rel=\"canonical\" href=\"https:\/\/cabinet-frayre.com\/es\/el-equipo\/mathilde-isabal\/\" \/>\n<meta property=\"og:locale\" content=\"es_ES\" \/>\n<meta property=\"og:type\" content=\"article\" \/>\n<meta property=\"og:title\" content=\"Mathilde ISABAL, Genealogista y buscadora de herederos | Cabinet Frayre et Associ\u00e9s | M\u00f3naco\" \/>\n<meta property=\"og:description\" content=\"Mathilde ISABAL, Genealogista con m\u00e1ster en derecho privado, especializada en b\u00fasqueda de herederos e investigaciones sucesorias internacionales.\" \/>\n<meta property=\"og:url\" content=\"https:\/\/cabinet-frayre.com\/es\/el-equipo\/mathilde-isabal\/\" \/>\n<meta property=\"og:site_name\" content=\"Cabinet Frayre et Associ\u00e9s\" \/>\n<meta property=\"article:publisher\" content=\"https:\/\/www.facebook.com\/profile.php?id=100054599792739\" \/>\n<meta property=\"article:modified_time\" content=\"2026-03-12T18:12:36+00:00\" \/>\n<meta property=\"og:image\" content=\"https:\/\/cabinet-frayre.com\/wp-content\/uploads\/2026\/01\/mathilde-isabal.webp\" \/>\n<meta name=\"twitter:card\" content=\"summary_large_image\" \/>\n<meta name=\"twitter:site\" content=\"@Cabiner_Frayre\" \/>\n<meta name=\"twitter:label1\" content=\"Tiempo de lectura\" \/>\n\t<meta name=\"twitter:data1\" content=\"1 minuto\" \/>\n<script type=\"application\/ld+json\" class=\"yoast-schema-graph\">{\"@context\":\"https:\/\/schema.org\",\"@graph\":[{\"@type\":\"WebPage\",\"@id\":\"https:\/\/cabinet-frayre.com\/es\/el-equipo\/mathilde-isabal\/\",\"url\":\"https:\/\/cabinet-frayre.com\/es\/el-equipo\/mathilde-isabal\/\",\"name\":\"Mathilde ISABAL, Genealogista y buscadora de herederos | Cabinet Frayre et Associ\u00e9s | M\u00f3naco\",\"isPartOf\":{\"@id\":\"https:\/\/cabinet-frayre.com\/es\/#website\"},\"primaryImageOfPage\":{\"@id\":\"https:\/\/cabinet-frayre.com\/es\/el-equipo\/mathilde-isabal\/#primaryimage\"},\"image\":{\"@id\":\"https:\/\/cabinet-frayre.com\/es\/el-equipo\/mathilde-isabal\/#primaryimage\"},\"thumbnailUrl\":\"https:\/\/cabinet-frayre.com\/wp-content\/uploads\/2026\/01\/mathilde-isabal.webp\",\"datePublished\":\"2026-02-06T12:55:18+00:00\",\"dateModified\":\"2026-03-12T18:12:36+00:00\",\"description\":\"Mathilde ISABAL, Genealogista con m\u00e1ster en derecho privado, especializada en b\u00fasqueda de herederos e investigaciones sucesorias internacionales.\",\"breadcrumb\":{\"@id\":\"https:\/\/cabinet-frayre.com\/es\/el-equipo\/mathilde-isabal\/#breadcrumb\"},\"inLanguage\":\"es\",\"potentialAction\":[{\"@type\":\"ReadAction\",\"target\":[\"https:\/\/cabinet-frayre.com\/es\/el-equipo\/mathilde-isabal\/\"]}]},{\"@type\":\"ImageObject\",\"inLanguage\":\"es\",\"@id\":\"https:\/\/cabinet-frayre.com\/es\/el-equipo\/mathilde-isabal\/#primaryimage\",\"url\":\"https:\/\/cabinet-frayre.com\/wp-content\/uploads\/2026\/01\/mathilde-isabal.webp\",\"contentUrl\":\"https:\/\/cabinet-frayre.com\/wp-content\/uploads\/2026\/01\/mathilde-isabal.webp\"},{\"@type\":\"BreadcrumbList\",\"@id\":\"https:\/\/cabinet-frayre.com\/es\/el-equipo\/mathilde-isabal\/#breadcrumb\",\"itemListElement\":[{\"@type\":\"ListItem\",\"position\":1,\"name\":\"Home\",\"item\":\"https:\/\/cabinet-frayre.com\/es\/\"},{\"@type\":\"ListItem\",\"position\":2,\"name\":\"El equipo\",\"item\":\"https:\/\/cabinet-frayre.com\/es\/el-equipo\/\"},{\"@type\":\"ListItem\",\"position\":3,\"name\":\"Mathilde ISABAL\"}]},{\"@type\":\"WebSite\",\"@id\":\"https:\/\/cabinet-frayre.com\/es\/#website\",\"url\":\"https:\/\/cabinet-frayre.com\/es\/\",\"name\":\"Cabinet Frayre et Associ\u00e9s\",\"description\":\"G\u00e9n\u00e9alogiste successoral et recherche d&#039;h\u00e9ritiers\",\"publisher\":{\"@id\":\"https:\/\/cabinet-frayre.com\/es\/#organization\"},\"potentialAction\":[{\"@type\":\"SearchAction\",\"target\":{\"@type\":\"EntryPoint\",\"urlTemplate\":\"https:\/\/cabinet-frayre.com\/es\/?s={search_term_string}\"},\"query-input\":{\"@type\":\"PropertyValueSpecification\",\"valueRequired\":true,\"valueName\":\"search_term_string\"}}],\"inLanguage\":\"es\"},{\"@type\":\"Organization\",\"@id\":\"https:\/\/cabinet-frayre.com\/es\/#organization\",\"name\":\"Cabinet Frayre et Associ\u00e9s\",\"url\":\"https:\/\/cabinet-frayre.com\/es\/\",\"logo\":{\"@type\":\"ImageObject\",\"inLanguage\":\"es\",\"@id\":\"https:\/\/cabinet-frayre.com\/es\/#\/schema\/logo\/image\/\",\"url\":\"https:\/\/cabinet-frayre.com\/wp-content\/uploads\/2026\/01\/cropped-Cabinet_Frayre_Associes.FAVICON.png\",\"contentUrl\":\"https:\/\/cabinet-frayre.com\/wp-content\/uploads\/2026\/01\/cropped-Cabinet_Frayre_Associes.FAVICON.png\",\"width\":512,\"height\":512,\"caption\":\"Cabinet Frayre et Associ\u00e9s\"},\"image\":{\"@id\":\"https:\/\/cabinet-frayre.com\/es\/#\/schema\/logo\/image\/\"},\"sameAs\":[\"https:\/\/www.facebook.com\/profile.php?id=100054599792739\",\"https:\/\/x.com\/Cabiner_Frayre\",\"https:\/\/www.linkedin.com\/company\/cabinet-frayre-&-associ\u00e9s\/\"]}]}<\/script>\n<!-- \/ Yoast SEO plugin. -->","yoast_head_json":{"title":"Mathilde ISABAL, Genealogista y buscadora de herederos | Cabinet Frayre et Associ\u00e9s | M\u00f3naco","description":"Mathilde ISABAL, Genealogista con m\u00e1ster en derecho privado, especializada en b\u00fasqueda de herederos e investigaciones sucesorias internacionales.","robots":{"index":"index","follow":"follow","max-snippet":"max-snippet:-1","max-image-preview":"max-image-preview:large","max-video-preview":"max-video-preview:-1"},"canonical":"https:\/\/cabinet-frayre.com\/es\/el-equipo\/mathilde-isabal\/","og_locale":"es_ES","og_type":"article","og_title":"Mathilde ISABAL, Genealogista y buscadora de herederos | Cabinet Frayre et Associ\u00e9s | M\u00f3naco","og_description":"Mathilde ISABAL, Genealogista con m\u00e1ster en derecho privado, especializada en b\u00fasqueda de herederos e investigaciones sucesorias internacionales.","og_url":"https:\/\/cabinet-frayre.com\/es\/el-equipo\/mathilde-isabal\/","og_site_name":"Cabinet Frayre et Associ\u00e9s","article_publisher":"https:\/\/www.facebook.com\/profile.php?id=100054599792739","article_modified_time":"2026-03-12T18:12:36+00:00","og_image":[{"url":"https:\/\/cabinet-frayre.com\/wp-content\/uploads\/2026\/01\/mathilde-isabal.webp","type":"","width":"","height":""}],"twitter_card":"summary_large_image","twitter_site":"@Cabiner_Frayre","twitter_misc":{"Tiempo de lectura":"1 minuto"},"schema":{"@context":"https:\/\/schema.org","@graph":[{"@type":"WebPage","@id":"https:\/\/cabinet-frayre.com\/es\/el-equipo\/mathilde-isabal\/","url":"https:\/\/cabinet-frayre.com\/es\/el-equipo\/mathilde-isabal\/","name":"Mathilde ISABAL, Genealogista y buscadora de herederos | Cabinet Frayre et Associ\u00e9s | M\u00f3naco","isPartOf":{"@id":"https:\/\/cabinet-frayre.com\/es\/#website"},"primaryImageOfPage":{"@id":"https:\/\/cabinet-frayre.com\/es\/el-equipo\/mathilde-isabal\/#primaryimage"},"image":{"@id":"https:\/\/cabinet-frayre.com\/es\/el-equipo\/mathilde-isabal\/#primaryimage"},"thumbnailUrl":"https:\/\/cabinet-frayre.com\/wp-content\/uploads\/2026\/01\/mathilde-isabal.webp","datePublished":"2026-02-06T12:55:18+00:00","dateModified":"2026-03-12T18:12:36+00:00","description":"Mathilde ISABAL, Genealogista con m\u00e1ster en derecho privado, especializada en b\u00fasqueda de herederos e investigaciones sucesorias internacionales.","breadcrumb":{"@id":"https:\/\/cabinet-frayre.com\/es\/el-equipo\/mathilde-isabal\/#breadcrumb"},"inLanguage":"es","potentialAction":[{"@type":"ReadAction","target":["https:\/\/cabinet-frayre.com\/es\/el-equipo\/mathilde-isabal\/"]}]},{"@type":"ImageObject","inLanguage":"es","@id":"https:\/\/cabinet-frayre.com\/es\/el-equipo\/mathilde-isabal\/#primaryimage","url":"https:\/\/cabinet-frayre.com\/wp-content\/uploads\/2026\/01\/mathilde-isabal.webp","contentUrl":"https:\/\/cabinet-frayre.com\/wp-content\/uploads\/2026\/01\/mathilde-isabal.webp"},{"@type":"BreadcrumbList","@id":"https:\/\/cabinet-frayre.com\/es\/el-equipo\/mathilde-isabal\/#breadcrumb","itemListElement":[{"@type":"ListItem","position":1,"name":"Home","item":"https:\/\/cabinet-frayre.com\/es\/"},{"@type":"ListItem","position":2,"name":"El equipo","item":"https:\/\/cabinet-frayre.com\/es\/el-equipo\/"},{"@type":"ListItem","position":3,"name":"Mathilde ISABAL"}]},{"@type":"WebSite","@id":"https:\/\/cabinet-frayre.com\/es\/#website","url":"https:\/\/cabinet-frayre.com\/es\/","name":"Cabinet Frayre et Associ\u00e9s","description":"G\u00e9n\u00e9alogiste successoral et recherche d&#039;h\u00e9ritiers","publisher":{"@id":"https:\/\/cabinet-frayre.com\/es\/#organization"},"potentialAction":[{"@type":"SearchAction","target":{"@type":"EntryPoint","urlTemplate":"https:\/\/cabinet-frayre.com\/es\/?s={search_term_string}"},"query-input":{"@type":"PropertyValueSpecification","valueRequired":true,"valueName":"search_term_string"}}],"inLanguage":"es"},{"@type":"Organization","@id":"https:\/\/cabinet-frayre.com\/es\/#organization","name":"Cabinet Frayre et Associ\u00e9s","url":"https:\/\/cabinet-frayre.com\/es\/","logo":{"@type":"ImageObject","inLanguage":"es","@id":"https:\/\/cabinet-frayre.com\/es\/#\/schema\/logo\/image\/","url":"https:\/\/cabinet-frayre.com\/wp-content\/uploads\/2026\/01\/cropped-Cabinet_Frayre_Associes.FAVICON.png","contentUrl":"https:\/\/cabinet-frayre.com\/wp-content\/uploads\/2026\/01\/cropped-Cabinet_Frayre_Associes.FAVICON.png","width":512,"height":512,"caption":"Cabinet Frayre et Associ\u00e9s"},"image":{"@id":"https:\/\/cabinet-frayre.com\/es\/#\/schema\/logo\/image\/"},"sameAs":["https:\/\/www.facebook.com\/profile.php?id=100054599792739","https:\/\/x.com\/Cabiner_Frayre","https:\/\/www.linkedin.com\/company\/cabinet-frayre-&-associ\u00e9s\/"]}]}},"_links":{"self":[{"href":"https:\/\/cabinet-frayre.com\/es\/wp-json\/wp\/v2\/pages\/8884","targetHints":{"allow":["GET"]}}],"collection":[{"href":"https:\/\/cabinet-frayre.com\/es\/wp-json\/wp\/v2\/pages"}],"about":[{"href":"https:\/\/cabinet-frayre.com\/es\/wp-json\/wp\/v2\/types\/page"}],"author":[{"embeddable":true,"href":"https:\/\/cabinet-frayre.com\/es\/wp-json\/wp\/v2\/users\/1"}],"replies":[{"embeddable":true,"href":"https:\/\/cabinet-frayre.com\/es\/wp-json\/wp\/v2\/comments?post=8884"}],"version-history":[{"count":11,"href":"https:\/\/cabinet-frayre.com\/es\/wp-json\/wp\/v2\/pages\/8884\/revisions"}],"predecessor-version":[{"id":9259,"href":"https:\/\/cabinet-frayre.com\/es\/wp-json\/wp\/v2\/pages\/8884\/revisions\/9259"}],"up":[{"embeddable":true,"href":"https:\/\/cabinet-frayre.com\/es\/wp-json\/wp\/v2\/pages\/8796"}],"wp:attachment":[{"href":"https:\/\/cabinet-frayre.com\/es\/wp-json\/wp\/v2\/media?parent=8884"}],"curies":[{"name":"wp","href":"https:\/\/api.w.org\/{rel}","templated":true}]}}