{"id":8857,"date":"2026-01-22T15:53:46","date_gmt":"2026-01-22T15:53:46","guid":{"rendered":"https:\/\/cabinet-frayre.com\/el-equipo\/christophe-frayre\/"},"modified":"2026-03-12T16:20:40","modified_gmt":"2026-03-12T16:20:40","slug":"christophe-frayre","status":"publish","type":"page","link":"https:\/\/cabinet-frayre.com\/es\/el-equipo\/christophe-frayre\/","title":{"rendered":"Christophe FRAYRE"},"content":{"rendered":"\t\t<div data-elementor-type=\"wp-page\" data-elementor-id=\"8857\" class=\"elementor elementor-8857 elementor-5553\">\n\t\t\t\t<div class=\"elementor-element elementor-element-701caa4 e-flex e-con-boxed e-con e-parent\" data-id=\"701caa4\" data-element_type=\"container\">\n\t\t\t\t\t<div class=\"e-con-inner\">\n\t\t\r\n\t\t<div class=\"elementor-element elementor-element-4d3455c elementor-widget elementor-widget-ensafteaminfo\" data-id=\"4d3455c\" data-element_type=\"widget\" data-widget_type=\"ensafteaminfo.default\">\n\t\t\t\t<div class=\"elementor-widget-container\">\n\t\t\t\t\t<div class=\"team-details\"><div class=\"row\"><div class=\"col-xl-5\"><div class=\"mb-40 mb-xl-0\"><img decoding=\"async\" src=\"https:\/\/cabinet-frayre.com\/wp-content\/uploads\/2026\/01\/christophe-frayre.team_.webp\" alt=\"Christophe FRAYRE\"  class=\"w-100\" \/><\/div><\/div><div class=\"col-xl-7 ps-3 ps-xl-5 align-self-center\"><div class=\"team-about\"><div class=\"team-wrapp\"><div class=\"top-wrap\"><div class=\"title-wrap\"><h3 class=\"team-about_title\">Christophe FRAYRE<\/h3><p class=\"team-about_desig\">Fundador y presidente<\/p><\/div><div class=\"th-social\"><a  rel=\"nofollow\" href=\"mailto:info@cabinet-frayre.com\"><i aria-hidden=\"true\" class=\"far fa-envelope\"><\/i><\/a> <\/div><\/div><p class=\"team-about_text\">Fundador y Presidente del gabinete Frayre &amp; Associ\u00e9s desde 2014, Christophe Frayre es un empresario de renombre con m\u00e1s de 15 a\u00f1os de experiencia en la b\u00fasqueda de herederos y consultor\u00eda de herencia.\n\nUtilizando su formaci\u00f3n comercial y de negocios, Christophe Frayre ha logrado una innovadora nueva tecnolog\u00eda de arranque con m\u00e1s de 60 empleados en la regi\u00f3n de Borgo\u00f1a de Francia, antes de hacer su marca como un influyente clave dentro de una vasta red de negocios.\n\nMiembro de la Junta econ\u00f3mica de M\u00f3naco, un aficionado al golf y al f\u00fatbol, Christophe Frayre ha desarrollado la reputaci\u00f3n internacional de Cabinet Frayre &amp; Associ\u00e9s, incluyendo la creaci\u00f3n de la instancia italiana de Cabinet Frayre &amp; Associ\u00e9s en Roma, principalmente manteniendo su reputaci\u00f3n estelar para el servicio de cliente y la satisfacci\u00f3n sin restricciones del cliente a trav\u00e9s de los a\u00f1os.<\/p><\/div><div class=\"about-info-wrap\"><div class=\"about-info\"><div class=\"about-info_icon\"><i class=\"fas fa-phone\"><\/i><\/div><div class=\"about-info_content\"><p class=\"about-info_subtitle\">Tel\u00e9fono<\/p><h6 class=\"about-info_title\"><a href=\"tel:+37797770477\">(+377) 97 77 04 77<\/a><\/h6><\/div><\/div><div class=\"about-info\"><div class=\"about-info_icon\"><i class=\"fas fa-envelope\"><\/i><\/div><div class=\"about-info_content\"><p class=\"about-info_subtitle\">Email<\/p><h6 class=\"about-info_title\"><a href=\"mailto:info@cabinet-frayre.com\">info@cabinet-frayre.com<\/a><\/h6><\/div><\/div><div class=\"about-info\"><div class=\"about-info_icon\"><i class=\"fa-solid fa-map-marker\"><\/i><\/div><div class=\"about-info_content\"><p class=\"about-info_subtitle\">Ubicaci\u00f3n<\/p><h6 class=\"about-info_title\"><a href=\"https:\/\/cabinet-frayre.com\/es\/contacto\/\">M\u00f3naco<\/a><\/h6><\/div><\/div><\/div><a href=\"https:\/\/cabinet-frayre.com\/es\/contacto\/\" class=\"th-btn style2 th_btn\">Cont\u00e1ctenos<i class=\"fa-regular fa-arrow-right-long\"><\/i><\/a><\/div><\/div><\/div><\/div>\t\t\t\t<\/div>\n\t\t\t\t<\/div>\n\t\t\t\t\t<\/div>\n\t\t\t\t<\/div>\n\t\t\t\t<\/div>\n\t\t","protected":false},"excerpt":{"rendered":"<p>Christophe FRAYRE Fundador y presidente Fundador y Presidente del gabinete Frayre &amp; Associ\u00e9s desde 2014, Christophe Frayre es un empresario de renombre con m\u00e1s de 15 a\u00f1os de experiencia en la b\u00fasqueda de herederos y consultor\u00eda de herencia. Utilizando su formaci\u00f3n comercial y de negocios, Christophe Frayre ha logrado una innovadora nueva tecnolog\u00eda de arranque&#8230;<\/p>\n","protected":false},"author":1,"featured_media":0,"parent":8796,"menu_order":0,"comment_status":"closed","ping_status":"closed","template":"elementor_header_footer","meta":{"footnotes":""},"class_list":["post-8857","page","type-page","status-publish","hentry"],"yoast_head":"<!-- This site is optimized with the Yoast SEO plugin v26.8 - https:\/\/yoast.com\/product\/yoast-seo-wordpress\/ -->\n<title>Christophe FRAYRE, Fundador &amp; Presidente | Cabinet Frayre et Associ\u00e9s | M\u00f3naco<\/title>\n<meta name=\"description\" content=\"Fundador y presidente de Cabinet Frayre &amp; Associ\u00e9s, con m\u00e1s de 15 a\u00f1os de experiencia en b\u00fasqueda de herederos y asesor\u00eda sucesoria.\" \/>\n<meta name=\"robots\" content=\"index, follow, max-snippet:-1, max-image-preview:large, max-video-preview:-1\" \/>\n<link rel=\"canonical\" href=\"https:\/\/cabinet-frayre.com\/es\/el-equipo\/christophe-frayre\/\" \/>\n<meta property=\"og:locale\" content=\"es_ES\" \/>\n<meta property=\"og:type\" content=\"article\" \/>\n<meta property=\"og:title\" content=\"Christophe FRAYRE, Fundador &amp; Presidente | Cabinet Frayre et Associ\u00e9s | M\u00f3naco\" \/>\n<meta property=\"og:description\" content=\"Fundador y presidente de Cabinet Frayre &amp; Associ\u00e9s, con m\u00e1s de 15 a\u00f1os de experiencia en b\u00fasqueda de herederos y asesor\u00eda sucesoria.\" \/>\n<meta property=\"og:url\" content=\"https:\/\/cabinet-frayre.com\/es\/el-equipo\/christophe-frayre\/\" \/>\n<meta property=\"og:site_name\" content=\"Cabinet Frayre et Associ\u00e9s\" \/>\n<meta property=\"article:publisher\" content=\"https:\/\/www.facebook.com\/profile.php?id=100054599792739\" \/>\n<meta property=\"article:modified_time\" content=\"2026-03-12T16:20:40+00:00\" \/>\n<meta property=\"og:image\" content=\"https:\/\/cabinet-frayre.com\/wp-content\/uploads\/2026\/01\/christophe-frayre.team_.webp\" \/>\n<meta name=\"twitter:card\" content=\"summary_large_image\" \/>\n<meta name=\"twitter:site\" content=\"@Cabiner_Frayre\" \/>\n<meta name=\"twitter:label1\" content=\"Tiempo de lectura\" \/>\n\t<meta name=\"twitter:data1\" content=\"1 minuto\" \/>\n<script type=\"application\/ld+json\" class=\"yoast-schema-graph\">{\"@context\":\"https:\/\/schema.org\",\"@graph\":[{\"@type\":\"WebPage\",\"@id\":\"https:\/\/cabinet-frayre.com\/es\/el-equipo\/christophe-frayre\/\",\"url\":\"https:\/\/cabinet-frayre.com\/es\/el-equipo\/christophe-frayre\/\",\"name\":\"Christophe FRAYRE, Fundador & Presidente | Cabinet Frayre et Associ\u00e9s | M\u00f3naco\",\"isPartOf\":{\"@id\":\"https:\/\/cabinet-frayre.com\/es\/#website\"},\"primaryImageOfPage\":{\"@id\":\"https:\/\/cabinet-frayre.com\/es\/el-equipo\/christophe-frayre\/#primaryimage\"},\"image\":{\"@id\":\"https:\/\/cabinet-frayre.com\/es\/el-equipo\/christophe-frayre\/#primaryimage\"},\"thumbnailUrl\":\"https:\/\/cabinet-frayre.com\/wp-content\/uploads\/2026\/01\/christophe-frayre.team_.webp\",\"datePublished\":\"2026-01-22T15:53:46+00:00\",\"dateModified\":\"2026-03-12T16:20:40+00:00\",\"description\":\"Fundador y presidente de Cabinet Frayre & Associ\u00e9s, con m\u00e1s de 15 a\u00f1os de experiencia en b\u00fasqueda de herederos y asesor\u00eda sucesoria.\",\"breadcrumb\":{\"@id\":\"https:\/\/cabinet-frayre.com\/es\/el-equipo\/christophe-frayre\/#breadcrumb\"},\"inLanguage\":\"es\",\"potentialAction\":[{\"@type\":\"ReadAction\",\"target\":[\"https:\/\/cabinet-frayre.com\/es\/el-equipo\/christophe-frayre\/\"]}]},{\"@type\":\"ImageObject\",\"inLanguage\":\"es\",\"@id\":\"https:\/\/cabinet-frayre.com\/es\/el-equipo\/christophe-frayre\/#primaryimage\",\"url\":\"https:\/\/cabinet-frayre.com\/wp-content\/uploads\/2026\/01\/christophe-frayre.team_.webp\",\"contentUrl\":\"https:\/\/cabinet-frayre.com\/wp-content\/uploads\/2026\/01\/christophe-frayre.team_.webp\"},{\"@type\":\"BreadcrumbList\",\"@id\":\"https:\/\/cabinet-frayre.com\/es\/el-equipo\/christophe-frayre\/#breadcrumb\",\"itemListElement\":[{\"@type\":\"ListItem\",\"position\":1,\"name\":\"Home\",\"item\":\"https:\/\/cabinet-frayre.com\/es\/\"},{\"@type\":\"ListItem\",\"position\":2,\"name\":\"El equipo\",\"item\":\"https:\/\/cabinet-frayre.com\/es\/el-equipo\/\"},{\"@type\":\"ListItem\",\"position\":3,\"name\":\"Christophe FRAYRE\"}]},{\"@type\":\"WebSite\",\"@id\":\"https:\/\/cabinet-frayre.com\/es\/#website\",\"url\":\"https:\/\/cabinet-frayre.com\/es\/\",\"name\":\"Cabinet Frayre et Associ\u00e9s\",\"description\":\"G\u00e9n\u00e9alogiste successoral et recherche d&#039;h\u00e9ritiers\",\"publisher\":{\"@id\":\"https:\/\/cabinet-frayre.com\/es\/#organization\"},\"potentialAction\":[{\"@type\":\"SearchAction\",\"target\":{\"@type\":\"EntryPoint\",\"urlTemplate\":\"https:\/\/cabinet-frayre.com\/es\/?s={search_term_string}\"},\"query-input\":{\"@type\":\"PropertyValueSpecification\",\"valueRequired\":true,\"valueName\":\"search_term_string\"}}],\"inLanguage\":\"es\"},{\"@type\":\"Organization\",\"@id\":\"https:\/\/cabinet-frayre.com\/es\/#organization\",\"name\":\"Cabinet Frayre et Associ\u00e9s\",\"url\":\"https:\/\/cabinet-frayre.com\/es\/\",\"logo\":{\"@type\":\"ImageObject\",\"inLanguage\":\"es\",\"@id\":\"https:\/\/cabinet-frayre.com\/es\/#\/schema\/logo\/image\/\",\"url\":\"https:\/\/cabinet-frayre.com\/wp-content\/uploads\/2026\/01\/cropped-Cabinet_Frayre_Associes.FAVICON.png\",\"contentUrl\":\"https:\/\/cabinet-frayre.com\/wp-content\/uploads\/2026\/01\/cropped-Cabinet_Frayre_Associes.FAVICON.png\",\"width\":512,\"height\":512,\"caption\":\"Cabinet Frayre et Associ\u00e9s\"},\"image\":{\"@id\":\"https:\/\/cabinet-frayre.com\/es\/#\/schema\/logo\/image\/\"},\"sameAs\":[\"https:\/\/www.facebook.com\/profile.php?id=100054599792739\",\"https:\/\/x.com\/Cabiner_Frayre\",\"https:\/\/www.linkedin.com\/company\/cabinet-frayre-&-associ\u00e9s\/\"]}]}<\/script>\n<!-- \/ Yoast SEO plugin. -->","yoast_head_json":{"title":"Christophe FRAYRE, Fundador & Presidente | Cabinet Frayre et Associ\u00e9s | M\u00f3naco","description":"Fundador y presidente de Cabinet Frayre & Associ\u00e9s, con m\u00e1s de 15 a\u00f1os de experiencia en b\u00fasqueda de herederos y asesor\u00eda sucesoria.","robots":{"index":"index","follow":"follow","max-snippet":"max-snippet:-1","max-image-preview":"max-image-preview:large","max-video-preview":"max-video-preview:-1"},"canonical":"https:\/\/cabinet-frayre.com\/es\/el-equipo\/christophe-frayre\/","og_locale":"es_ES","og_type":"article","og_title":"Christophe FRAYRE, Fundador & Presidente | Cabinet Frayre et Associ\u00e9s | M\u00f3naco","og_description":"Fundador y presidente de Cabinet Frayre & Associ\u00e9s, con m\u00e1s de 15 a\u00f1os de experiencia en b\u00fasqueda de herederos y asesor\u00eda sucesoria.","og_url":"https:\/\/cabinet-frayre.com\/es\/el-equipo\/christophe-frayre\/","og_site_name":"Cabinet Frayre et Associ\u00e9s","article_publisher":"https:\/\/www.facebook.com\/profile.php?id=100054599792739","article_modified_time":"2026-03-12T16:20:40+00:00","og_image":[{"url":"https:\/\/cabinet-frayre.com\/wp-content\/uploads\/2026\/01\/christophe-frayre.team_.webp","type":"","width":"","height":""}],"twitter_card":"summary_large_image","twitter_site":"@Cabiner_Frayre","twitter_misc":{"Tiempo de lectura":"1 minuto"},"schema":{"@context":"https:\/\/schema.org","@graph":[{"@type":"WebPage","@id":"https:\/\/cabinet-frayre.com\/es\/el-equipo\/christophe-frayre\/","url":"https:\/\/cabinet-frayre.com\/es\/el-equipo\/christophe-frayre\/","name":"Christophe FRAYRE, Fundador & Presidente | Cabinet Frayre et Associ\u00e9s | M\u00f3naco","isPartOf":{"@id":"https:\/\/cabinet-frayre.com\/es\/#website"},"primaryImageOfPage":{"@id":"https:\/\/cabinet-frayre.com\/es\/el-equipo\/christophe-frayre\/#primaryimage"},"image":{"@id":"https:\/\/cabinet-frayre.com\/es\/el-equipo\/christophe-frayre\/#primaryimage"},"thumbnailUrl":"https:\/\/cabinet-frayre.com\/wp-content\/uploads\/2026\/01\/christophe-frayre.team_.webp","datePublished":"2026-01-22T15:53:46+00:00","dateModified":"2026-03-12T16:20:40+00:00","description":"Fundador y presidente de Cabinet Frayre & Associ\u00e9s, con m\u00e1s de 15 a\u00f1os de experiencia en b\u00fasqueda de herederos y asesor\u00eda sucesoria.","breadcrumb":{"@id":"https:\/\/cabinet-frayre.com\/es\/el-equipo\/christophe-frayre\/#breadcrumb"},"inLanguage":"es","potentialAction":[{"@type":"ReadAction","target":["https:\/\/cabinet-frayre.com\/es\/el-equipo\/christophe-frayre\/"]}]},{"@type":"ImageObject","inLanguage":"es","@id":"https:\/\/cabinet-frayre.com\/es\/el-equipo\/christophe-frayre\/#primaryimage","url":"https:\/\/cabinet-frayre.com\/wp-content\/uploads\/2026\/01\/christophe-frayre.team_.webp","contentUrl":"https:\/\/cabinet-frayre.com\/wp-content\/uploads\/2026\/01\/christophe-frayre.team_.webp"},{"@type":"BreadcrumbList","@id":"https:\/\/cabinet-frayre.com\/es\/el-equipo\/christophe-frayre\/#breadcrumb","itemListElement":[{"@type":"ListItem","position":1,"name":"Home","item":"https:\/\/cabinet-frayre.com\/es\/"},{"@type":"ListItem","position":2,"name":"El equipo","item":"https:\/\/cabinet-frayre.com\/es\/el-equipo\/"},{"@type":"ListItem","position":3,"name":"Christophe FRAYRE"}]},{"@type":"WebSite","@id":"https:\/\/cabinet-frayre.com\/es\/#website","url":"https:\/\/cabinet-frayre.com\/es\/","name":"Cabinet Frayre et Associ\u00e9s","description":"G\u00e9n\u00e9alogiste successoral et recherche d&#039;h\u00e9ritiers","publisher":{"@id":"https:\/\/cabinet-frayre.com\/es\/#organization"},"potentialAction":[{"@type":"SearchAction","target":{"@type":"EntryPoint","urlTemplate":"https:\/\/cabinet-frayre.com\/es\/?s={search_term_string}"},"query-input":{"@type":"PropertyValueSpecification","valueRequired":true,"valueName":"search_term_string"}}],"inLanguage":"es"},{"@type":"Organization","@id":"https:\/\/cabinet-frayre.com\/es\/#organization","name":"Cabinet Frayre et Associ\u00e9s","url":"https:\/\/cabinet-frayre.com\/es\/","logo":{"@type":"ImageObject","inLanguage":"es","@id":"https:\/\/cabinet-frayre.com\/es\/#\/schema\/logo\/image\/","url":"https:\/\/cabinet-frayre.com\/wp-content\/uploads\/2026\/01\/cropped-Cabinet_Frayre_Associes.FAVICON.png","contentUrl":"https:\/\/cabinet-frayre.com\/wp-content\/uploads\/2026\/01\/cropped-Cabinet_Frayre_Associes.FAVICON.png","width":512,"height":512,"caption":"Cabinet Frayre et Associ\u00e9s"},"image":{"@id":"https:\/\/cabinet-frayre.com\/es\/#\/schema\/logo\/image\/"},"sameAs":["https:\/\/www.facebook.com\/profile.php?id=100054599792739","https:\/\/x.com\/Cabiner_Frayre","https:\/\/www.linkedin.com\/company\/cabinet-frayre-&-associ\u00e9s\/"]}]}},"_links":{"self":[{"href":"https:\/\/cabinet-frayre.com\/es\/wp-json\/wp\/v2\/pages\/8857","targetHints":{"allow":["GET"]}}],"collection":[{"href":"https:\/\/cabinet-frayre.com\/es\/wp-json\/wp\/v2\/pages"}],"about":[{"href":"https:\/\/cabinet-frayre.com\/es\/wp-json\/wp\/v2\/types\/page"}],"author":[{"embeddable":true,"href":"https:\/\/cabinet-frayre.com\/es\/wp-json\/wp\/v2\/users\/1"}],"replies":[{"embeddable":true,"href":"https:\/\/cabinet-frayre.com\/es\/wp-json\/wp\/v2\/comments?post=8857"}],"version-history":[{"count":10,"href":"https:\/\/cabinet-frayre.com\/es\/wp-json\/wp\/v2\/pages\/8857\/revisions"}],"predecessor-version":[{"id":9124,"href":"https:\/\/cabinet-frayre.com\/es\/wp-json\/wp\/v2\/pages\/8857\/revisions\/9124"}],"up":[{"embeddable":true,"href":"https:\/\/cabinet-frayre.com\/es\/wp-json\/wp\/v2\/pages\/8796"}],"wp:attachment":[{"href":"https:\/\/cabinet-frayre.com\/es\/wp-json\/wp\/v2\/media?parent=8857"}],"curies":[{"name":"wp","href":"https:\/\/api.w.org\/{rel}","templated":true}]}}