{"id":8808,"date":"2026-01-26T13:07:51","date_gmt":"2026-01-26T13:07:51","guid":{"rendered":"https:\/\/cabinet-frayre.com\/aviso-legal\/"},"modified":"2026-03-12T16:48:17","modified_gmt":"2026-03-12T16:48:17","slug":"aviso-legal","status":"publish","type":"page","link":"https:\/\/cabinet-frayre.com\/es\/aviso-legal\/","title":{"rendered":"Aviso Legal"},"content":{"rendered":"\t\t<div data-elementor-type=\"wp-page\" data-elementor-id=\"8808\" class=\"elementor elementor-8808 elementor-5921\">\n\t\t\t\t<div class=\"elementor-element elementor-element-1afedf42 e-flex e-con-boxed e-con e-parent\" data-id=\"1afedf42\" data-element_type=\"container\">\n\t\t\t\t\t<div class=\"e-con-inner\">\n\t\t<div class=\"elementor-element elementor-element-310c38c e-con-full e-flex e-con e-child\" data-id=\"310c38c\" data-element_type=\"container\">\n\t\t\r\n\t\t<div class=\"elementor-element elementor-element-600aa74 elementor-widget elementor-widget-heading\" data-id=\"600aa74\" data-element_type=\"widget\" data-widget_type=\"heading.default\">\n\t\t\t\t\t<h2 class=\"elementor-heading-title elementor-size-default\">Aviso legal - Cabinet Frayre &amp; Associ\u00e9s<\/h2>\t\t\t\t<\/div>\n\t\t\t\t<div class=\"elementor-element elementor-element-a0f60cc elementor-widget elementor-widget-text-editor\" data-id=\"a0f60cc\" data-element_type=\"widget\" data-widget_type=\"text-editor.default\">\n\t\t\t\t\t\t\t\t\t<ul>\n<li> <em>Fecha de entrada en vigor<\/em>: 01\/03\/2026<\/li>\n<li><em>\u00daltima actualizaci\u00f3n<\/em>: 01\/03\/2026<\/li>\n<\/ul>\t\t\t\t\t\t\t\t<\/div>\n\t\t\t\t<div class=\"elementor-element elementor-element-e133568 elementor-widget elementor-widget-heading\" data-id=\"e133568\" data-element_type=\"widget\" data-widget_type=\"heading.default\">\n\t\t\t\t\t<h3 class=\"elementor-heading-title elementor-size-default\">Editor del Sitio Web<\/h3>\t\t\t\t<\/div>\n\t\t\t\t<div class=\"elementor-element elementor-element-de930d3 elementor-widget elementor-widget-text-editor\" data-id=\"de930d3\" data-element_type=\"widget\" data-widget_type=\"text-editor.default\">\n\t\t\t\t\t\t\t\t\t<p>El sitio web es publicado por: <\/p><ul><li>Denominaci\u00f3n social: Cabinet Frayre &amp; Associ\u00e9s<\/li><li>Forma jur\u00eddica: Soci\u00e9t\u00e9 \u00e0 Responsabilit\u00e9 Limit\u00e9e<\/li><li>Domicilio social: 7 Boulevard des Moulins, Monte-Carlo Palace \u2013 98000 M\u00f3naco<\/li><li>N\u00famero RCI: 14S06312<\/li><li>Tel\u00e9fono: +377 97770477<\/li><li>Correo electr\u00f3nico: <a href=\"info@cabinet-frayre.com\">info@cabinet-frayre.com<\/a><\/li><li>Director de Publicaci\u00f3n: Christophe Frayre<\/li><\/ul>\t\t\t\t\t\t\t\t<\/div>\n\t\t\t\t<div class=\"elementor-element elementor-element-5ccea41 elementor-widget-divider--view-line elementor-widget elementor-widget-divider\" data-id=\"5ccea41\" data-element_type=\"widget\" data-widget_type=\"divider.default\">\n\t\t\t\t\t\t\t<div class=\"elementor-divider\">\n\t\t\t<span class=\"elementor-divider-separator\">\n\t\t\t\t\t\t<\/span>\n\t\t<\/div>\n\t\t\t\t\t\t<\/div>\n\t\t\t\t<div class=\"elementor-element elementor-element-80821e6 elementor-widget elementor-widget-heading\" data-id=\"80821e6\" data-element_type=\"widget\" data-widget_type=\"heading.default\">\n\t\t\t\t\t<h3 class=\"elementor-heading-title elementor-size-default\">Proveedor de Hosting del Sitio Web<\/h3>\t\t\t\t<\/div>\n\t\t\t\t<div class=\"elementor-element elementor-element-96d3943 elementor-widget elementor-widget-text-editor\" data-id=\"96d3943\" data-element_type=\"widget\" data-widget_type=\"text-editor.default\">\n\t\t\t\t\t\t\t\t\t<ul><li>Proveedor de hosting: Monaco Cloud<\/li><li>Direcci\u00f3n: 9 avenue Albert II, B\u00e2timent Le Copori, 4.\u00ba piso, 98000, M\u00f3naco<\/li><li>Sitio web: <a href=\"https:\/\/www.monacocloud.mc\" target=\"_blank\" rel=\"noopener,nofollow\">https:\/\/www.monacocloud.mc<\/a><\/li><li>Tel\u00e9fono: +377 97 97 07 29<\/li><\/ul>\t\t\t\t\t\t\t\t<\/div>\n\t\t\t\t<div class=\"elementor-element elementor-element-f7c6a49 elementor-widget-divider--view-line elementor-widget elementor-widget-divider\" data-id=\"f7c6a49\" data-element_type=\"widget\" data-widget_type=\"divider.default\">\n\t\t\t\t\t\t\t<div class=\"elementor-divider\">\n\t\t\t<span class=\"elementor-divider-separator\">\n\t\t\t\t\t\t<\/span>\n\t\t<\/div>\n\t\t\t\t\t\t<\/div>\n\t\t\t\t<div class=\"elementor-element elementor-element-d2a5978 elementor-widget elementor-widget-heading\" data-id=\"d2a5978\" data-element_type=\"widget\" data-widget_type=\"heading.default\">\n\t\t\t\t\t<h3 class=\"elementor-heading-title elementor-size-default\">Dise\u00f1o y Desarrollo del Sitio Web<\/h3>\t\t\t\t<\/div>\n\t\t\t\t<div class=\"elementor-element elementor-element-92bb084 elementor-widget elementor-widget-text-editor\" data-id=\"92bb084\" data-element_type=\"widget\" data-widget_type=\"text-editor.default\">\n\t\t\t\t\t\t\t\t\t<ul><li>Dise\u00f1o del Sitio Web: Baccana Digital Consulting<\/li><li>Direcci\u00f3n: 1 Avenue Henry Dunant, Palais de la Scala \u2013 1135, 98000, M\u00f3naco<\/li><li>Sitio web: <a href=\"https:\/\/www.baccanagroup.com\/\" target=\"_blank\" rel=\"noopener\">https:\/\/www.baccanagroup.com\/<\/a><\/li><li>Tel\u00e9fono: +377 99 90 71 39<\/li><\/ul>\t\t\t\t\t\t\t\t<\/div>\n\t\t\t\t<div class=\"elementor-element elementor-element-cfaab5e elementor-widget-divider--view-line elementor-widget elementor-widget-divider\" data-id=\"cfaab5e\" data-element_type=\"widget\" data-widget_type=\"divider.default\">\n\t\t\t\t\t\t\t<div class=\"elementor-divider\">\n\t\t\t<span class=\"elementor-divider-separator\">\n\t\t\t\t\t\t<\/span>\n\t\t<\/div>\n\t\t\t\t\t\t<\/div>\n\t\t\t\t<div class=\"elementor-element elementor-element-690b5c2 elementor-widget elementor-widget-heading\" data-id=\"690b5c2\" data-element_type=\"widget\" data-widget_type=\"heading.default\">\n\t\t\t\t\t<h3 class=\"elementor-heading-title elementor-size-default\">Propiedad Intelectual<\/h3>\t\t\t\t<\/div>\n\t\t\t\t<div class=\"elementor-element elementor-element-613c7bb elementor-widget elementor-widget-text-editor\" data-id=\"613c7bb\" data-element_type=\"widget\" data-widget_type=\"text-editor.default\">\n\t\t\t\t\t\t\t\t\t<p>El sitio web y todo su contenido, incluyendo, entre otros, textos, im\u00e1genes, gr\u00e1ficos, logotipos, \u00edconos, videos, software y estructura, est\u00e1n protegidos por las leyes de propiedad intelectual y son propiedad exclusiva de Cabinet Frayre &amp; Associ\u00e9s o de sus licenciantes.<\/p><p>Cualquier reproducci\u00f3n, representaci\u00f3n, modificaci\u00f3n, publicaci\u00f3n, transmisi\u00f3n o adaptaci\u00f3n, total o parcial, del sitio web o de su contenido, por cualquier medio, est\u00e1 estrictamente prohibida sin la autorizaci\u00f3n previa por escrito de Cabinet Frayre &amp; Associ\u00e9s, salvo que la ley lo permita expresamente.<\/p>\t\t\t\t\t\t\t\t<\/div>\n\t\t\t\t<div class=\"elementor-element elementor-element-a2084c6 elementor-widget-divider--view-line elementor-widget elementor-widget-divider\" data-id=\"a2084c6\" data-element_type=\"widget\" data-widget_type=\"divider.default\">\n\t\t\t\t\t\t\t<div class=\"elementor-divider\">\n\t\t\t<span class=\"elementor-divider-separator\">\n\t\t\t\t\t\t<\/span>\n\t\t<\/div>\n\t\t\t\t\t\t<\/div>\n\t\t\t\t<div class=\"elementor-element elementor-element-caeac63 elementor-widget elementor-widget-heading\" data-id=\"caeac63\" data-element_type=\"widget\" data-widget_type=\"heading.default\">\n\t\t\t\t\t<h3 class=\"elementor-heading-title elementor-size-default\">Normas Profesionales y \u00c9tica<\/h3>\t\t\t\t<\/div>\n\t\t\t\t<div class=\"elementor-element elementor-element-97e333d elementor-widget elementor-widget-text-editor\" data-id=\"97e333d\" data-element_type=\"widget\" data-widget_type=\"text-editor.default\">\n\t\t\t\t\t\t\t\t\t<p>Cabinet Frayre &amp; Associ\u00e9s es una firma profesional regulada, sujeta a las normas profesionales y obligaciones \u00e9ticas aplicables.<\/p><p>Las normas profesionales aplicables incluyen:<\/p><ul><li>Las normas profesionales y \u00e9ticas que rigen la profesi\u00f3n en el Principado de M\u00f3naco;<\/li><li>Cuando corresponda, las normas profesionales aplicables dentro de la Uni\u00f3n Europea.<\/li><\/ul><p>Para obtener m\u00e1s informaci\u00f3n, se puede consultar a los organismos profesionales pertinentes.<\/p>\t\t\t\t\t\t\t\t<\/div>\n\t\t\t\t<div class=\"elementor-element elementor-element-6ce561c elementor-widget-divider--view-line elementor-widget elementor-widget-divider\" data-id=\"6ce561c\" data-element_type=\"widget\" data-widget_type=\"divider.default\">\n\t\t\t\t\t\t\t<div class=\"elementor-divider\">\n\t\t\t<span class=\"elementor-divider-separator\">\n\t\t\t\t\t\t<\/span>\n\t\t<\/div>\n\t\t\t\t\t\t<\/div>\n\t\t\t\t<div class=\"elementor-element elementor-element-6b89a89 elementor-widget elementor-widget-heading\" data-id=\"6b89a89\" data-element_type=\"widget\" data-widget_type=\"heading.default\">\n\t\t\t\t\t<h3 class=\"elementor-heading-title elementor-size-default\">Limitaci\u00f3n de Responsabilidad<\/h3>\t\t\t\t<\/div>\n\t\t\t\t<div class=\"elementor-element elementor-element-e1e463b elementor-widget elementor-widget-text-editor\" data-id=\"e1e463b\" data-element_type=\"widget\" data-widget_type=\"text-editor.default\">\n\t\t\t\t\t\t\t\t\t<p>Cabinet Frayre &amp; Associ\u00e9s se esfuerza por garantizar que la informaci\u00f3n publicada en el sitio web sea precisa y est\u00e9 actualizada. Sin embargo, la firma no puede garantizar la exactitud, integridad o actualidad de la informaci\u00f3n proporcionada. <\/p><p>La informaci\u00f3n del sitio web se proporciona \u00fanicamente con fines informativos generales y no constituye asesoramiento legal, profesional ni comercial.<\/p><p>Cabinet Frayre &amp; Associ\u00e9s no ser\u00e1 responsable de ning\u00fan da\u00f1o directo o indirecto que pueda derivarse del uso del sitio web o de la imposibilidad de acceder al mismo.<\/p>\t\t\t\t\t\t\t\t<\/div>\n\t\t\t\t<div class=\"elementor-element elementor-element-f23a0f8 elementor-widget-divider--view-line elementor-widget elementor-widget-divider\" data-id=\"f23a0f8\" data-element_type=\"widget\" data-widget_type=\"divider.default\">\n\t\t\t\t\t\t\t<div class=\"elementor-divider\">\n\t\t\t<span class=\"elementor-divider-separator\">\n\t\t\t\t\t\t<\/span>\n\t\t<\/div>\n\t\t\t\t\t\t<\/div>\n\t\t\t\t<div class=\"elementor-element elementor-element-a875371 elementor-widget elementor-widget-heading\" data-id=\"a875371\" data-element_type=\"widget\" data-widget_type=\"heading.default\">\n\t\t\t\t\t<h3 class=\"elementor-heading-title elementor-size-default\">Hiperv\u00ednculos<\/h3>\t\t\t\t<\/div>\n\t\t\t\t<div class=\"elementor-element elementor-element-508a04f elementor-widget elementor-widget-text-editor\" data-id=\"508a04f\" data-element_type=\"widget\" data-widget_type=\"text-editor.default\">\n\t\t\t\t\t\t\t\t\t<p>La informaci\u00f3n contenida en el sitio web se proporciona \u00fanicamente con fines informativos generales y no constituye asesoramiento legal, profesional ni comercial. <\/p><p>La creaci\u00f3n de hiperv\u00ednculos hacia el sitio web est\u00e1 sujeta a la autorizaci\u00f3n previa y por escrito de Cabinet Frayre &amp; Associ\u00e9s.<\/p>\t\t\t\t\t\t\t\t<\/div>\n\t\t\t\t<div class=\"elementor-element elementor-element-6bbe65f elementor-widget-divider--view-line elementor-widget elementor-widget-divider\" data-id=\"6bbe65f\" data-element_type=\"widget\" data-widget_type=\"divider.default\">\n\t\t\t\t\t\t\t<div class=\"elementor-divider\">\n\t\t\t<span class=\"elementor-divider-separator\">\n\t\t\t\t\t\t<\/span>\n\t\t<\/div>\n\t\t\t\t\t\t<\/div>\n\t\t\t\t<div class=\"elementor-element elementor-element-3c54f2b elementor-widget elementor-widget-heading\" data-id=\"3c54f2b\" data-element_type=\"widget\" data-widget_type=\"heading.default\">\n\t\t\t\t\t<h3 class=\"elementor-heading-title elementor-size-default\">Datos Personales<\/h3>\t\t\t\t<\/div>\n\t\t\t\t<div class=\"elementor-element elementor-element-4aaaf01 elementor-widget elementor-widget-text-editor\" data-id=\"4aaaf01\" data-element_type=\"widget\" data-widget_type=\"text-editor.default\">\n\t\t\t\t\t\t\t\t\t<p>El tratamiento de los datos personales realizado a trav\u00e9s del sitio web se rige por la <a href=\"https:\/\/cabinet-frayre.com\/privacy-policy\/\">Pol\u00edtica de Privacidad<\/a>, accesible en el propio sitio web.<\/p>\t\t\t\t\t\t\t\t<\/div>\n\t\t\t\t<div class=\"elementor-element elementor-element-d8740e4 elementor-widget-divider--view-line elementor-widget elementor-widget-divider\" data-id=\"d8740e4\" data-element_type=\"widget\" data-widget_type=\"divider.default\">\n\t\t\t\t\t\t\t<div class=\"elementor-divider\">\n\t\t\t<span class=\"elementor-divider-separator\">\n\t\t\t\t\t\t<\/span>\n\t\t<\/div>\n\t\t\t\t\t\t<\/div>\n\t\t\t\t<div class=\"elementor-element elementor-element-93e679f elementor-widget elementor-widget-heading\" data-id=\"93e679f\" data-element_type=\"widget\" data-widget_type=\"heading.default\">\n\t\t\t\t\t<h3 class=\"elementor-heading-title elementor-size-default\">Cookies<\/h3>\t\t\t\t<\/div>\n\t\t\t\t<div class=\"elementor-element elementor-element-fb327b0 elementor-widget elementor-widget-text-editor\" data-id=\"fb327b0\" data-element_type=\"widget\" data-widget_type=\"text-editor.default\">\n\t\t\t\t\t\t\t\t\t<p>La informaci\u00f3n relativa al uso de cookies y tecnolog\u00edas similares se encuentra en la Pol\u00edtica de Cookies, accesible en el sitio web.<\/p>\t\t\t\t\t\t\t\t<\/div>\n\t\t\t\t<div class=\"elementor-element elementor-element-b5ae679 elementor-widget-divider--view-line elementor-widget elementor-widget-divider\" data-id=\"b5ae679\" data-element_type=\"widget\" data-widget_type=\"divider.default\">\n\t\t\t\t\t\t\t<div class=\"elementor-divider\">\n\t\t\t<span class=\"elementor-divider-separator\">\n\t\t\t\t\t\t<\/span>\n\t\t<\/div>\n\t\t\t\t\t\t<\/div>\n\t\t\t\t<div class=\"elementor-element elementor-element-4ae52c3 elementor-widget elementor-widget-heading\" data-id=\"4ae52c3\" data-element_type=\"widget\" data-widget_type=\"heading.default\">\n\t\t\t\t\t<h3 class=\"elementor-heading-title elementor-size-default\">Ley Aplicable y Jurisdicci\u00f3n<\/h3>\t\t\t\t<\/div>\n\t\t\t\t<div class=\"elementor-element elementor-element-380a8f0 elementor-widget elementor-widget-text-editor\" data-id=\"380a8f0\" data-element_type=\"widget\" data-widget_type=\"text-editor.default\">\n\t\t\t\t\t\t\t\t\t<p>El sitio web y su contenido se rigen por las leyes del Principado de M\u00f3naco.<\/p><p>En ausencia de disposiciones legales obligatorias en contrario, cualquier disputa relacionada con el uso del sitio web estar\u00e1 bajo la jurisdicci\u00f3n exclusiva de los tribunales del Principado de M\u00f3naco.<\/p>\t\t\t\t\t\t\t\t<\/div>\n\t\t\t\t<\/div>\n\t\t\t\t\t<\/div>\n\t\t\t\t<\/div>\n\t\t\t\t<\/div>\n\t\t","protected":false},"excerpt":{"rendered":"<p>Aviso legal &#8211; Cabinet Frayre &amp; Associ\u00e9s Fecha de entrada en vigor: 02\/01\/2026 \u00daltima actualizaci\u00f3n: 02\/01\/2026 Editor del Sitio Web El sitio web es publicado por: Denominaci\u00f3n social: Cabinet Frayre &amp; Associ\u00e9s Forma jur\u00eddica: Soci\u00e9t\u00e9 \u00e0 Responsabilit\u00e9 Limit\u00e9e Domicilio social: 7 Boulevard des Moulins, Monte-Carlo Palace \u2013 98000 M\u00f3naco N\u00famero RCI: 14S06312 Tel\u00e9fono: +377 97770477&#8230;<\/p>\n","protected":false},"author":1,"featured_media":0,"parent":0,"menu_order":0,"comment_status":"closed","ping_status":"closed","template":"","meta":{"footnotes":""},"class_list":["post-8808","page","type-page","status-publish","hentry"],"yoast_head":"<!-- This site is optimized with the Yoast SEO plugin v26.8 - https:\/\/yoast.com\/product\/yoast-seo-wordpress\/ -->\n<title>Aviso legal | Cabinet Frayre et Associ\u00e9s<\/title>\n<meta name=\"description\" content=\"Aviso legal e informaci\u00f3n regulatoria de Cabinet Frayre &amp; Associ\u00e9s, genealogistas sucesorios con sede en M\u00f3naco y actuaci\u00f3n internacional.\" \/>\n<meta name=\"robots\" content=\"index, follow, max-snippet:-1, max-image-preview:large, max-video-preview:-1\" \/>\n<link rel=\"canonical\" href=\"https:\/\/cabinet-frayre.com\/es\/aviso-legal\/\" \/>\n<meta property=\"og:locale\" content=\"es_ES\" \/>\n<meta property=\"og:type\" content=\"article\" \/>\n<meta property=\"og:title\" content=\"Aviso legal | Cabinet Frayre et Associ\u00e9s\" \/>\n<meta property=\"og:description\" content=\"Aviso legal e informaci\u00f3n regulatoria de Cabinet Frayre &amp; Associ\u00e9s, genealogistas sucesorios con sede en M\u00f3naco y actuaci\u00f3n internacional.\" \/>\n<meta property=\"og:url\" content=\"https:\/\/cabinet-frayre.com\/es\/aviso-legal\/\" \/>\n<meta property=\"og:site_name\" content=\"Cabinet Frayre et Associ\u00e9s\" \/>\n<meta property=\"article:publisher\" content=\"https:\/\/www.facebook.com\/profile.php?id=100054599792739\" \/>\n<meta property=\"article:modified_time\" content=\"2026-03-12T16:48:17+00:00\" \/>\n<meta property=\"og:image\" content=\"https:\/\/cabinet-frayre.com\/wp-content\/uploads\/2026\/01\/Cabinet_Frayre_Associes_CorporateLogo.HQ_.jpg\" \/>\n\t<meta property=\"og:image:width\" content=\"1536\" \/>\n\t<meta property=\"og:image:height\" content=\"1024\" \/>\n\t<meta property=\"og:image:type\" content=\"image\/jpeg\" \/>\n<meta name=\"twitter:card\" content=\"summary_large_image\" \/>\n<meta name=\"twitter:site\" content=\"@Cabiner_Frayre\" \/>\n<meta name=\"twitter:label1\" content=\"Tiempo de lectura\" \/>\n\t<meta name=\"twitter:data1\" content=\"3 minutos\" \/>\n<script type=\"application\/ld+json\" class=\"yoast-schema-graph\">{\"@context\":\"https:\/\/schema.org\",\"@graph\":[{\"@type\":\"WebPage\",\"@id\":\"https:\/\/cabinet-frayre.com\/es\/aviso-legal\/\",\"url\":\"https:\/\/cabinet-frayre.com\/es\/aviso-legal\/\",\"name\":\"Aviso legal | Cabinet Frayre et Associ\u00e9s\",\"isPartOf\":{\"@id\":\"https:\/\/cabinet-frayre.com\/es\/#website\"},\"datePublished\":\"2026-01-26T13:07:51+00:00\",\"dateModified\":\"2026-03-12T16:48:17+00:00\",\"description\":\"Aviso legal e informaci\u00f3n regulatoria de Cabinet Frayre & Associ\u00e9s, genealogistas sucesorios con sede en M\u00f3naco y actuaci\u00f3n internacional.\",\"breadcrumb\":{\"@id\":\"https:\/\/cabinet-frayre.com\/es\/aviso-legal\/#breadcrumb\"},\"inLanguage\":\"es\",\"potentialAction\":[{\"@type\":\"ReadAction\",\"target\":[\"https:\/\/cabinet-frayre.com\/es\/aviso-legal\/\"]}]},{\"@type\":\"BreadcrumbList\",\"@id\":\"https:\/\/cabinet-frayre.com\/es\/aviso-legal\/#breadcrumb\",\"itemListElement\":[{\"@type\":\"ListItem\",\"position\":1,\"name\":\"Home\",\"item\":\"https:\/\/cabinet-frayre.com\/es\/\"},{\"@type\":\"ListItem\",\"position\":2,\"name\":\"Aviso Legal\"}]},{\"@type\":\"WebSite\",\"@id\":\"https:\/\/cabinet-frayre.com\/es\/#website\",\"url\":\"https:\/\/cabinet-frayre.com\/es\/\",\"name\":\"Cabinet Frayre et Associ\u00e9s\",\"description\":\"G\u00e9n\u00e9alogiste successoral et recherche d&#039;h\u00e9ritiers\",\"publisher\":{\"@id\":\"https:\/\/cabinet-frayre.com\/es\/#organization\"},\"potentialAction\":[{\"@type\":\"SearchAction\",\"target\":{\"@type\":\"EntryPoint\",\"urlTemplate\":\"https:\/\/cabinet-frayre.com\/es\/?s={search_term_string}\"},\"query-input\":{\"@type\":\"PropertyValueSpecification\",\"valueRequired\":true,\"valueName\":\"search_term_string\"}}],\"inLanguage\":\"es\"},{\"@type\":\"Organization\",\"@id\":\"https:\/\/cabinet-frayre.com\/es\/#organization\",\"name\":\"Cabinet Frayre et Associ\u00e9s\",\"url\":\"https:\/\/cabinet-frayre.com\/es\/\",\"logo\":{\"@type\":\"ImageObject\",\"inLanguage\":\"es\",\"@id\":\"https:\/\/cabinet-frayre.com\/es\/#\/schema\/logo\/image\/\",\"url\":\"https:\/\/cabinet-frayre.com\/wp-content\/uploads\/2026\/01\/cropped-Cabinet_Frayre_Associes.FAVICON.png\",\"contentUrl\":\"https:\/\/cabinet-frayre.com\/wp-content\/uploads\/2026\/01\/cropped-Cabinet_Frayre_Associes.FAVICON.png\",\"width\":512,\"height\":512,\"caption\":\"Cabinet Frayre et Associ\u00e9s\"},\"image\":{\"@id\":\"https:\/\/cabinet-frayre.com\/es\/#\/schema\/logo\/image\/\"},\"sameAs\":[\"https:\/\/www.facebook.com\/profile.php?id=100054599792739\",\"https:\/\/x.com\/Cabiner_Frayre\",\"https:\/\/www.linkedin.com\/company\/cabinet-frayre-&-associ\u00e9s\/\"]}]}<\/script>\n<!-- \/ Yoast SEO plugin. -->","yoast_head_json":{"title":"Aviso legal | Cabinet Frayre et Associ\u00e9s","description":"Aviso legal e informaci\u00f3n regulatoria de Cabinet Frayre & Associ\u00e9s, genealogistas sucesorios con sede en M\u00f3naco y actuaci\u00f3n internacional.","robots":{"index":"index","follow":"follow","max-snippet":"max-snippet:-1","max-image-preview":"max-image-preview:large","max-video-preview":"max-video-preview:-1"},"canonical":"https:\/\/cabinet-frayre.com\/es\/aviso-legal\/","og_locale":"es_ES","og_type":"article","og_title":"Aviso legal | Cabinet Frayre et Associ\u00e9s","og_description":"Aviso legal e informaci\u00f3n regulatoria de Cabinet Frayre & Associ\u00e9s, genealogistas sucesorios con sede en M\u00f3naco y actuaci\u00f3n internacional.","og_url":"https:\/\/cabinet-frayre.com\/es\/aviso-legal\/","og_site_name":"Cabinet Frayre et Associ\u00e9s","article_publisher":"https:\/\/www.facebook.com\/profile.php?id=100054599792739","article_modified_time":"2026-03-12T16:48:17+00:00","og_image":[{"width":1536,"height":1024,"url":"https:\/\/cabinet-frayre.com\/wp-content\/uploads\/2026\/01\/Cabinet_Frayre_Associes_CorporateLogo.HQ_.jpg","type":"image\/jpeg"}],"twitter_card":"summary_large_image","twitter_site":"@Cabiner_Frayre","twitter_misc":{"Tiempo de lectura":"3 minutos"},"schema":{"@context":"https:\/\/schema.org","@graph":[{"@type":"WebPage","@id":"https:\/\/cabinet-frayre.com\/es\/aviso-legal\/","url":"https:\/\/cabinet-frayre.com\/es\/aviso-legal\/","name":"Aviso legal | Cabinet Frayre et Associ\u00e9s","isPartOf":{"@id":"https:\/\/cabinet-frayre.com\/es\/#website"},"datePublished":"2026-01-26T13:07:51+00:00","dateModified":"2026-03-12T16:48:17+00:00","description":"Aviso legal e informaci\u00f3n regulatoria de Cabinet Frayre & Associ\u00e9s, genealogistas sucesorios con sede en M\u00f3naco y actuaci\u00f3n internacional.","breadcrumb":{"@id":"https:\/\/cabinet-frayre.com\/es\/aviso-legal\/#breadcrumb"},"inLanguage":"es","potentialAction":[{"@type":"ReadAction","target":["https:\/\/cabinet-frayre.com\/es\/aviso-legal\/"]}]},{"@type":"BreadcrumbList","@id":"https:\/\/cabinet-frayre.com\/es\/aviso-legal\/#breadcrumb","itemListElement":[{"@type":"ListItem","position":1,"name":"Home","item":"https:\/\/cabinet-frayre.com\/es\/"},{"@type":"ListItem","position":2,"name":"Aviso Legal"}]},{"@type":"WebSite","@id":"https:\/\/cabinet-frayre.com\/es\/#website","url":"https:\/\/cabinet-frayre.com\/es\/","name":"Cabinet Frayre et Associ\u00e9s","description":"G\u00e9n\u00e9alogiste successoral et recherche d&#039;h\u00e9ritiers","publisher":{"@id":"https:\/\/cabinet-frayre.com\/es\/#organization"},"potentialAction":[{"@type":"SearchAction","target":{"@type":"EntryPoint","urlTemplate":"https:\/\/cabinet-frayre.com\/es\/?s={search_term_string}"},"query-input":{"@type":"PropertyValueSpecification","valueRequired":true,"valueName":"search_term_string"}}],"inLanguage":"es"},{"@type":"Organization","@id":"https:\/\/cabinet-frayre.com\/es\/#organization","name":"Cabinet Frayre et Associ\u00e9s","url":"https:\/\/cabinet-frayre.com\/es\/","logo":{"@type":"ImageObject","inLanguage":"es","@id":"https:\/\/cabinet-frayre.com\/es\/#\/schema\/logo\/image\/","url":"https:\/\/cabinet-frayre.com\/wp-content\/uploads\/2026\/01\/cropped-Cabinet_Frayre_Associes.FAVICON.png","contentUrl":"https:\/\/cabinet-frayre.com\/wp-content\/uploads\/2026\/01\/cropped-Cabinet_Frayre_Associes.FAVICON.png","width":512,"height":512,"caption":"Cabinet Frayre et Associ\u00e9s"},"image":{"@id":"https:\/\/cabinet-frayre.com\/es\/#\/schema\/logo\/image\/"},"sameAs":["https:\/\/www.facebook.com\/profile.php?id=100054599792739","https:\/\/x.com\/Cabiner_Frayre","https:\/\/www.linkedin.com\/company\/cabinet-frayre-&-associ\u00e9s\/"]}]}},"_links":{"self":[{"href":"https:\/\/cabinet-frayre.com\/es\/wp-json\/wp\/v2\/pages\/8808","targetHints":{"allow":["GET"]}}],"collection":[{"href":"https:\/\/cabinet-frayre.com\/es\/wp-json\/wp\/v2\/pages"}],"about":[{"href":"https:\/\/cabinet-frayre.com\/es\/wp-json\/wp\/v2\/types\/page"}],"author":[{"embeddable":true,"href":"https:\/\/cabinet-frayre.com\/es\/wp-json\/wp\/v2\/users\/1"}],"replies":[{"embeddable":true,"href":"https:\/\/cabinet-frayre.com\/es\/wp-json\/wp\/v2\/comments?post=8808"}],"version-history":[{"count":7,"href":"https:\/\/cabinet-frayre.com\/es\/wp-json\/wp\/v2\/pages\/8808\/revisions"}],"predecessor-version":[{"id":9207,"href":"https:\/\/cabinet-frayre.com\/es\/wp-json\/wp\/v2\/pages\/8808\/revisions\/9207"}],"wp:attachment":[{"href":"https:\/\/cabinet-frayre.com\/es\/wp-json\/wp\/v2\/media?parent=8808"}],"curies":[{"name":"wp","href":"https:\/\/api.w.org\/{rel}","templated":true}]}}