{"id":6288,"date":"2026-02-06T14:54:02","date_gmt":"2026-02-06T14:54:02","guid":{"rendered":"https:\/\/cabinet-frayre.com\/?page_id=6288"},"modified":"2026-04-10T13:36:35","modified_gmt":"2026-04-10T13:36:35","slug":"caroline-leroy","status":"publish","type":"page","link":"https:\/\/cabinet-frayre.com\/en\/team\/caroline-leroy\/","title":{"rendered":"Caroline LEROY"},"content":{"rendered":"\t\t<div data-elementor-type=\"wp-page\" data-elementor-id=\"6288\" class=\"elementor elementor-6288\">\n\t\t\t\t<div class=\"elementor-element elementor-element-701caa4 e-flex e-con-boxed e-con e-parent\" data-id=\"701caa4\" data-element_type=\"container\">\n\t\t\t\t\t<div class=\"e-con-inner\">\n\t\t\r\n\t\t<div class=\"elementor-element elementor-element-4d3455c elementor-widget elementor-widget-ensafteaminfo\" data-id=\"4d3455c\" data-element_type=\"widget\" data-widget_type=\"ensafteaminfo.default\">\n\t\t\t\t<div class=\"elementor-widget-container\">\n\t\t\t\t\t<div class=\"team-details\"><div class=\"row\"><div class=\"col-xl-5\"><div class=\"mb-40 mb-xl-0\"><img decoding=\"async\" src=\"https:\/\/cabinet-frayre.com\/wp-content\/uploads\/2026\/01\/caroline-leroy.webp\" alt=\"Caroline LEROY\"  class=\"w-100\" \/><\/div><\/div><div class=\"col-xl-7 ps-3 ps-xl-5 align-self-center\"><div class=\"team-about\"><div class=\"team-wrapp\"><div class=\"top-wrap\"><div class=\"title-wrap\"><h3 class=\"team-about_title\">Caroline LEROY<\/h3><p class=\"team-about_desig\">Probate Genealogist<\/p><\/div><div class=\"th-social\"><a  rel=\"nofollow\" href=\"mailto:leroy@cabinet-frayre.com\"><i aria-hidden=\"true\" class=\"far fa-envelope\"><\/i><\/a> <\/div><\/div><p class=\"team-about_text\">Passionate about history and investigation from an early age, Caroline naturally focused her studies in these areas, graduating in History, Law and Criminology from the Sorbonne and Assas faculties.\n\nAfter professional experience as a private investigator specialising in the fight against insurance fraud, which enabled her to develop cutting-edge investigative expertise, Caroline joined FRAYRE as a Research Genealogist.\n\nDriven by an unwavering passion for the stories that shape history, Caroline uses her investigative skills to trace family lines, find heirs and shed valuable light on family histories that are often forgotten.<\/p><\/div><div class=\"about-info-wrap\"><div class=\"about-info\"><div class=\"about-info_icon\"><i class=\"fas fa-phone\"><\/i><\/div><div class=\"about-info_content\"><p class=\"about-info_subtitle\">Phone<\/p><h6 class=\"about-info_title\"><a href=\"tel:+33181702706\">(+33) 1 81 70 27 06<\/a><\/h6><\/div><\/div><div class=\"about-info\"><div class=\"about-info_icon\"><i class=\"fas fa-envelope\"><\/i><\/div><div class=\"about-info_content\"><p class=\"about-info_subtitle\">Email<\/p><h6 class=\"about-info_title\"><a href=\"mailto:leroy@cabinet-frayre.com\">leroy@cabinet-frayre.com<\/a><\/h6><\/div><\/div><div class=\"about-info\"><div class=\"about-info_icon\"><i class=\"fa-solid fa-map-marker\"><\/i><\/div><div class=\"about-info_content\"><p class=\"about-info_subtitle\">Location<\/p><h6 class=\"about-info_title\"><a href=\"\/contact\/\">Paris<\/a><\/h6><\/div><\/div><\/div><a href=\"https:\/\/cabinet-frayre.com\/contact\/\" class=\"th-btn style2 th_btn\">Contact us<i class=\"fa-regular fa-arrow-right-long\"><\/i><\/a><\/div><\/div><\/div><\/div>\t\t\t\t<\/div>\n\t\t\t\t<\/div>\n\t\t\t\t\t<\/div>\n\t\t\t\t<\/div>\n\t\t\t\t<\/div>\n\t\t","protected":false},"excerpt":{"rendered":"<p>Caroline LEROY Probate Genealogist Passionate about history and investigation from an early age, Caroline naturally focused her studies in these areas, graduating in History, Law and Criminology from the Sorbonne and Assas faculties. After professional experience as a private investigator specialising in the fight against insurance fraud, which enabled her to develop cutting-edge investigative expertise,&#8230;<\/p>\n","protected":false},"author":1,"featured_media":0,"parent":5564,"menu_order":0,"comment_status":"closed","ping_status":"closed","template":"elementor_header_footer","meta":{"footnotes":""},"class_list":["post-6288","page","type-page","status-publish","hentry"],"yoast_head":"<!-- This site is optimized with the Yoast SEO plugin v26.8 - https:\/\/yoast.com\/product\/yoast-seo-wordpress\/ -->\n<title>Caroline LEROY, Probate Genealogist | Cabinet Frayre &amp; Associ\u00e9s | Paris<\/title>\n<meta name=\"description\" content=\"Caroline LEROY, Probate Genealogist at Cabinet Frayre &amp; Associ\u00e9s in Paris, specializes in heir tracing, family history, and succession investigations.\" \/>\n<meta name=\"robots\" content=\"index, follow, max-snippet:-1, max-image-preview:large, max-video-preview:-1\" \/>\n<link rel=\"canonical\" href=\"https:\/\/cabinet-frayre.com\/en\/team\/caroline-leroy\/\" \/>\n<meta property=\"og:locale\" content=\"en_US\" \/>\n<meta property=\"og:type\" content=\"article\" \/>\n<meta property=\"og:title\" content=\"Caroline LEROY, Probate Genealogist | Cabinet Frayre &amp; Associ\u00e9s | Paris\" \/>\n<meta property=\"og:description\" content=\"Caroline LEROY, Probate Genealogist at Cabinet Frayre &amp; Associ\u00e9s in Paris, specializes in heir tracing, family history, and succession investigations.\" \/>\n<meta property=\"og:url\" content=\"https:\/\/cabinet-frayre.com\/en\/team\/caroline-leroy\/\" \/>\n<meta property=\"og:site_name\" content=\"Cabinet Frayre &amp; Associ\u00e9s\" \/>\n<meta property=\"article:publisher\" content=\"https:\/\/www.facebook.com\/profile.php?id=100054599792739\" \/>\n<meta property=\"article:modified_time\" content=\"2026-04-10T13:36:35+00:00\" \/>\n<meta property=\"og:image\" content=\"https:\/\/cabinet-frayre.com\/wp-content\/uploads\/2026\/01\/caroline-leroy.webp\" \/>\n<meta name=\"twitter:card\" content=\"summary_large_image\" \/>\n<meta name=\"twitter:site\" content=\"@Cabiner_Frayre\" \/>\n<meta name=\"twitter:label1\" content=\"Est. reading time\" \/>\n\t<meta name=\"twitter:data1\" content=\"1 minute\" \/>\n<script type=\"application\/ld+json\" class=\"yoast-schema-graph\">{\"@context\":\"https:\/\/schema.org\",\"@graph\":[{\"@type\":[\"WebPage\",\"ProfilePage\"],\"@id\":\"https:\/\/cabinet-frayre.com\/en\/team\/caroline-leroy\/\",\"url\":\"https:\/\/cabinet-frayre.com\/en\/team\/caroline-leroy\/\",\"name\":\"Caroline LEROY, Probate Genealogist | Cabinet Frayre &amp; Associ\u00e9s | Paris\",\"isPartOf\":{\"@id\":\"https:\/\/cabinet-frayre.com\/en\/#website\"},\"primaryImageOfPage\":{\"@id\":\"https:\/\/cabinet-frayre.com\/en\/team\/caroline-leroy\/#primaryimage\"},\"image\":{\"@id\":\"https:\/\/cabinet-frayre.com\/en\/team\/caroline-leroy\/#primaryimage\"},\"thumbnailUrl\":\"https:\/\/cabinet-frayre.com\/wp-content\/uploads\/2026\/01\/caroline-leroy.webp\",\"datePublished\":\"2026-02-06T14:54:02+00:00\",\"dateModified\":\"2026-04-10T13:36:35+00:00\",\"description\":\"Caroline LEROY, Probate Genealogist at Cabinet Frayre & Associ\u00e9s in Paris, specializes in heir tracing, family history, and succession investigations.\",\"breadcrumb\":{\"@id\":\"https:\/\/cabinet-frayre.com\/en\/team\/caroline-leroy\/#breadcrumb\"},\"inLanguage\":\"en-US\",\"potentialAction\":[{\"@type\":\"ReadAction\",\"target\":[\"https:\/\/cabinet-frayre.com\/en\/team\/caroline-leroy\/\"]}]},{\"@type\":\"ImageObject\",\"inLanguage\":\"en-US\",\"@id\":\"https:\/\/cabinet-frayre.com\/en\/team\/caroline-leroy\/#primaryimage\",\"url\":\"https:\/\/cabinet-frayre.com\/wp-content\/uploads\/2026\/01\/caroline-leroy.webp\",\"contentUrl\":\"https:\/\/cabinet-frayre.com\/wp-content\/uploads\/2026\/01\/caroline-leroy.webp\"},{\"@type\":\"BreadcrumbList\",\"@id\":\"https:\/\/cabinet-frayre.com\/en\/team\/caroline-leroy\/#breadcrumb\",\"itemListElement\":[{\"@type\":\"ListItem\",\"position\":1,\"name\":\"Home\",\"item\":\"https:\/\/cabinet-frayre.com\/en\/\"},{\"@type\":\"ListItem\",\"position\":2,\"name\":\"Team\",\"item\":\"https:\/\/cabinet-frayre.com\/en\/team\/\"},{\"@type\":\"ListItem\",\"position\":3,\"name\":\"Caroline LEROY\"}]},{\"@type\":\"WebSite\",\"@id\":\"https:\/\/cabinet-frayre.com\/en\/#website\",\"url\":\"https:\/\/cabinet-frayre.com\/en\/\",\"name\":\"Cabinet Frayre et Associ\u00e9s\",\"description\":\"G\u00e9n\u00e9alogiste successoral et recherche d&#039;h\u00e9ritiers\",\"publisher\":{\"@id\":\"https:\/\/cabinet-frayre.com\/en\/#organization\"},\"potentialAction\":[{\"@type\":\"SearchAction\",\"target\":{\"@type\":\"EntryPoint\",\"urlTemplate\":\"https:\/\/cabinet-frayre.com\/en\/?s={search_term_string}\"},\"query-input\":{\"@type\":\"PropertyValueSpecification\",\"valueRequired\":true,\"valueName\":\"search_term_string\"}}],\"inLanguage\":\"en-US\"},{\"@type\":\"Organization\",\"@id\":\"https:\/\/cabinet-frayre.com\/en\/#organization\",\"name\":\"Cabinet Frayre et Associ\u00e9s\",\"url\":\"https:\/\/cabinet-frayre.com\/en\/\",\"logo\":{\"@type\":\"ImageObject\",\"inLanguage\":\"en-US\",\"@id\":\"https:\/\/cabinet-frayre.com\/en\/#\/schema\/logo\/image\/\",\"url\":\"https:\/\/cabinet-frayre.com\/wp-content\/uploads\/2026\/01\/cropped-Cabinet_Frayre_Associes.FAVICON.png\",\"contentUrl\":\"https:\/\/cabinet-frayre.com\/wp-content\/uploads\/2026\/01\/cropped-Cabinet_Frayre_Associes.FAVICON.png\",\"width\":512,\"height\":512,\"caption\":\"Cabinet Frayre et Associ\u00e9s\"},\"image\":{\"@id\":\"https:\/\/cabinet-frayre.com\/en\/#\/schema\/logo\/image\/\"},\"sameAs\":[\"https:\/\/www.facebook.com\/profile.php?id=100054599792739\",\"https:\/\/x.com\/Cabiner_Frayre\",\"https:\/\/www.linkedin.com\/company\/cabinet-frayre-&-associ\u00e9s\/\"],\"mainEntityOfPage\":{\"@id\":\"https:\/\/cabinet-frayre.com\/en\/team\/caroline-leroy\/\"}}]}<\/script>\n<!-- \/ Yoast SEO plugin. -->","yoast_head_json":{"title":"Caroline LEROY, Probate Genealogist | Cabinet Frayre &amp; Associ\u00e9s | Paris","description":"Caroline LEROY, Probate Genealogist at Cabinet Frayre & Associ\u00e9s in Paris, specializes in heir tracing, family history, and succession investigations.","robots":{"index":"index","follow":"follow","max-snippet":"max-snippet:-1","max-image-preview":"max-image-preview:large","max-video-preview":"max-video-preview:-1"},"canonical":"https:\/\/cabinet-frayre.com\/en\/team\/caroline-leroy\/","og_locale":"en_US","og_type":"article","og_title":"Caroline LEROY, Probate Genealogist | Cabinet Frayre &amp; Associ\u00e9s | Paris","og_description":"Caroline LEROY, Probate Genealogist at Cabinet Frayre & Associ\u00e9s in Paris, specializes in heir tracing, family history, and succession investigations.","og_url":"https:\/\/cabinet-frayre.com\/en\/team\/caroline-leroy\/","og_site_name":"Cabinet Frayre &amp; Associ\u00e9s","article_publisher":"https:\/\/www.facebook.com\/profile.php?id=100054599792739","article_modified_time":"2026-04-10T13:36:35+00:00","og_image":[{"url":"https:\/\/cabinet-frayre.com\/wp-content\/uploads\/2026\/01\/caroline-leroy.webp","type":"","width":"","height":""}],"twitter_card":"summary_large_image","twitter_site":"@Cabiner_Frayre","twitter_misc":{"Est. reading time":"1 minute"},"schema":{"@context":"https:\/\/schema.org","@graph":[{"@type":["WebPage","ProfilePage"],"@id":"https:\/\/cabinet-frayre.com\/en\/team\/caroline-leroy\/","url":"https:\/\/cabinet-frayre.com\/en\/team\/caroline-leroy\/","name":"Caroline LEROY, Probate Genealogist | Cabinet Frayre &amp; Associ\u00e9s | Paris","isPartOf":{"@id":"https:\/\/cabinet-frayre.com\/en\/#website"},"primaryImageOfPage":{"@id":"https:\/\/cabinet-frayre.com\/en\/team\/caroline-leroy\/#primaryimage"},"image":{"@id":"https:\/\/cabinet-frayre.com\/en\/team\/caroline-leroy\/#primaryimage"},"thumbnailUrl":"https:\/\/cabinet-frayre.com\/wp-content\/uploads\/2026\/01\/caroline-leroy.webp","datePublished":"2026-02-06T14:54:02+00:00","dateModified":"2026-04-10T13:36:35+00:00","description":"Caroline LEROY, Probate Genealogist at Cabinet Frayre & Associ\u00e9s in Paris, specializes in heir tracing, family history, and succession investigations.","breadcrumb":{"@id":"https:\/\/cabinet-frayre.com\/en\/team\/caroline-leroy\/#breadcrumb"},"inLanguage":"en-US","potentialAction":[{"@type":"ReadAction","target":["https:\/\/cabinet-frayre.com\/en\/team\/caroline-leroy\/"]}]},{"@type":"ImageObject","inLanguage":"en-US","@id":"https:\/\/cabinet-frayre.com\/en\/team\/caroline-leroy\/#primaryimage","url":"https:\/\/cabinet-frayre.com\/wp-content\/uploads\/2026\/01\/caroline-leroy.webp","contentUrl":"https:\/\/cabinet-frayre.com\/wp-content\/uploads\/2026\/01\/caroline-leroy.webp"},{"@type":"BreadcrumbList","@id":"https:\/\/cabinet-frayre.com\/en\/team\/caroline-leroy\/#breadcrumb","itemListElement":[{"@type":"ListItem","position":1,"name":"Home","item":"https:\/\/cabinet-frayre.com\/en\/"},{"@type":"ListItem","position":2,"name":"Team","item":"https:\/\/cabinet-frayre.com\/en\/team\/"},{"@type":"ListItem","position":3,"name":"Caroline LEROY"}]},{"@type":"WebSite","@id":"https:\/\/cabinet-frayre.com\/en\/#website","url":"https:\/\/cabinet-frayre.com\/en\/","name":"Cabinet Frayre et Associ\u00e9s","description":"G\u00e9n\u00e9alogiste successoral et recherche d&#039;h\u00e9ritiers","publisher":{"@id":"https:\/\/cabinet-frayre.com\/en\/#organization"},"potentialAction":[{"@type":"SearchAction","target":{"@type":"EntryPoint","urlTemplate":"https:\/\/cabinet-frayre.com\/en\/?s={search_term_string}"},"query-input":{"@type":"PropertyValueSpecification","valueRequired":true,"valueName":"search_term_string"}}],"inLanguage":"en-US"},{"@type":"Organization","@id":"https:\/\/cabinet-frayre.com\/en\/#organization","name":"Cabinet Frayre et Associ\u00e9s","url":"https:\/\/cabinet-frayre.com\/en\/","logo":{"@type":"ImageObject","inLanguage":"en-US","@id":"https:\/\/cabinet-frayre.com\/en\/#\/schema\/logo\/image\/","url":"https:\/\/cabinet-frayre.com\/wp-content\/uploads\/2026\/01\/cropped-Cabinet_Frayre_Associes.FAVICON.png","contentUrl":"https:\/\/cabinet-frayre.com\/wp-content\/uploads\/2026\/01\/cropped-Cabinet_Frayre_Associes.FAVICON.png","width":512,"height":512,"caption":"Cabinet Frayre et Associ\u00e9s"},"image":{"@id":"https:\/\/cabinet-frayre.com\/en\/#\/schema\/logo\/image\/"},"sameAs":["https:\/\/www.facebook.com\/profile.php?id=100054599792739","https:\/\/x.com\/Cabiner_Frayre","https:\/\/www.linkedin.com\/company\/cabinet-frayre-&-associ\u00e9s\/"],"mainEntityOfPage":{"@id":"https:\/\/cabinet-frayre.com\/en\/team\/caroline-leroy\/"}}]}},"_links":{"self":[{"href":"https:\/\/cabinet-frayre.com\/en\/wp-json\/wp\/v2\/pages\/6288","targetHints":{"allow":["GET"]}}],"collection":[{"href":"https:\/\/cabinet-frayre.com\/en\/wp-json\/wp\/v2\/pages"}],"about":[{"href":"https:\/\/cabinet-frayre.com\/en\/wp-json\/wp\/v2\/types\/page"}],"author":[{"embeddable":true,"href":"https:\/\/cabinet-frayre.com\/en\/wp-json\/wp\/v2\/users\/1"}],"replies":[{"embeddable":true,"href":"https:\/\/cabinet-frayre.com\/en\/wp-json\/wp\/v2\/comments?post=6288"}],"version-history":[{"count":26,"href":"https:\/\/cabinet-frayre.com\/en\/wp-json\/wp\/v2\/pages\/6288\/revisions"}],"predecessor-version":[{"id":9869,"href":"https:\/\/cabinet-frayre.com\/en\/wp-json\/wp\/v2\/pages\/6288\/revisions\/9869"}],"up":[{"embeddable":true,"href":"https:\/\/cabinet-frayre.com\/en\/wp-json\/wp\/v2\/pages\/5564"}],"wp:attachment":[{"href":"https:\/\/cabinet-frayre.com\/en\/wp-json\/wp\/v2\/media?parent=6288"}],"curies":[{"name":"wp","href":"https:\/\/api.w.org\/{rel}","templated":true}]}}