{"id":6217,"date":"2026-02-06T12:55:18","date_gmt":"2026-02-06T12:55:18","guid":{"rendered":"https:\/\/cabinet-frayre.com\/?page_id=6217"},"modified":"2026-03-11T14:27:09","modified_gmt":"2026-03-11T14:27:09","slug":"mathilde-isabal","status":"publish","type":"page","link":"https:\/\/cabinet-frayre.com\/en\/team\/mathilde-isabal\/","title":{"rendered":"Mathilde ISABAL"},"content":{"rendered":"\t\t<div data-elementor-type=\"wp-page\" data-elementor-id=\"6217\" class=\"elementor elementor-6217\">\n\t\t\t\t<div class=\"elementor-element elementor-element-701caa4 e-flex e-con-boxed e-con e-parent\" data-id=\"701caa4\" data-element_type=\"container\">\n\t\t\t\t\t<div class=\"e-con-inner\">\n\t\t\r\n\t\t<div class=\"elementor-element elementor-element-4d3455c elementor-widget elementor-widget-ensafteaminfo\" data-id=\"4d3455c\" data-element_type=\"widget\" data-widget_type=\"ensafteaminfo.default\">\n\t\t\t\t<div class=\"elementor-widget-container\">\n\t\t\t\t\t<div class=\"team-details\"><div class=\"row\"><div class=\"col-xl-5\"><div class=\"mb-40 mb-xl-0\"><img decoding=\"async\" src=\"https:\/\/cabinet-frayre.com\/wp-content\/uploads\/2026\/01\/mathilde-isabal.webp\" alt=\"Mathilde ISABAL\"  class=\"w-100\" \/><\/div><\/div><div class=\"col-xl-7 ps-3 ps-xl-5 align-self-center\"><div class=\"team-about\"><div class=\"team-wrapp\"><div class=\"top-wrap\"><div class=\"title-wrap\"><h3 class=\"team-about_title\">Mathilde ISABAL<\/h3><p class=\"team-about_desig\">Genealogist<\/p><\/div><div class=\"th-social\"><a  rel=\"nofollow\" href=\"http:\/\/isabal@cabinet-frayre.com\"><i aria-hidden=\"true\" class=\"far fa-envelope\"><\/i><\/a> <\/div><\/div><p class=\"team-about_text\">Motivated by research, legal rigor and stimulated by the grey areas that make up each persons family history, Mathilde was logically drawn towards genealogy.\n\nFollowing a one year master&#039;s degree in private law, consolidating her legal studies, she later acquired experience working as a genealogist&#039;s assistant.\n \nA gap year abroad also allowed her to master her English language skills, thus facilitating her exchanges within the area of international successions.<\/p><\/div><div class=\"about-info-wrap\"><div class=\"about-info\"><div class=\"about-info_icon\"><i class=\"fas fa-phone\"><\/i><\/div><div class=\"about-info_content\"><p class=\"about-info_subtitle\">Phone<\/p><h6 class=\"about-info_title\"><a href=\"tel:+37797770477\">(+377) 97 77 04 77<\/a><\/h6><\/div><\/div><div class=\"about-info\"><div class=\"about-info_icon\"><i class=\"fas fa-envelope\"><\/i><\/div><div class=\"about-info_content\"><p class=\"about-info_subtitle\">Email<\/p><h6 class=\"about-info_title\"><a href=\"mailto:isabal@cabinet-frayre.com\">isabal@cabinet-frayre.com<\/a><\/h6><\/div><\/div><div class=\"about-info\"><div class=\"about-info_icon\"><i class=\"fa-solid fa-map-marker\"><\/i><\/div><div class=\"about-info_content\"><p class=\"about-info_subtitle\">Location<\/p><h6 class=\"about-info_title\"><a href=\"\/contact\/\">Monaco<\/a><\/h6><\/div><\/div><\/div><a href=\"https:\/\/cabinet-frayre.com\/contact\/\" class=\"th-btn style2 th_btn\">Contact us<i class=\"fa-regular fa-arrow-right-long\"><\/i><\/a><\/div><\/div><\/div><\/div>\t\t\t\t<\/div>\n\t\t\t\t<\/div>\n\t\t\t\t\t<\/div>\n\t\t\t\t<\/div>\n\t\t\t\t<\/div>\n\t\t","protected":false},"excerpt":{"rendered":"<p>Mathilde ISABAL Genealogist Motivated by research, legal rigor and stimulated by the grey areas that make up each persons family history, Mathilde was logically drawn towards genealogy. Following a one year master&#039;s degree in private law, consolidating her legal studies, she later acquired experience working as a genealogist&#039;s assistant. A gap year abroad also allowed&#8230;<\/p>\n","protected":false},"author":1,"featured_media":0,"parent":5564,"menu_order":0,"comment_status":"closed","ping_status":"closed","template":"elementor_header_footer","meta":{"footnotes":""},"class_list":["post-6217","page","type-page","status-publish","hentry"],"yoast_head":"<!-- This site is optimized with the Yoast SEO plugin v26.8 - https:\/\/yoast.com\/product\/yoast-seo-wordpress\/ -->\n<title>Mathilde ISABAL, Genealogist | Cabinet Frayre &amp; Associ\u00e9s | Monaco<\/title>\n<meta name=\"description\" content=\"Mathilde ISABAL, Genealogist with a Master\u2019s in private law, specializes in heir tracing and international succession investigations.\" \/>\n<meta name=\"robots\" content=\"index, follow, max-snippet:-1, max-image-preview:large, max-video-preview:-1\" \/>\n<link rel=\"canonical\" href=\"https:\/\/cabinet-frayre.com\/en\/team\/mathilde-isabal\/\" \/>\n<meta property=\"og:locale\" content=\"en_US\" \/>\n<meta property=\"og:type\" content=\"article\" \/>\n<meta property=\"og:title\" content=\"Mathilde ISABAL, Genealogist | Cabinet Frayre &amp; Associ\u00e9s | Monaco\" \/>\n<meta property=\"og:description\" content=\"Mathilde ISABAL, Genealogist with a Master\u2019s in private law, specializes in heir tracing and international succession investigations.\" \/>\n<meta property=\"og:url\" content=\"https:\/\/cabinet-frayre.com\/en\/team\/mathilde-isabal\/\" \/>\n<meta property=\"og:site_name\" content=\"Cabinet Frayre &amp; Associ\u00e9s\" \/>\n<meta property=\"article:publisher\" content=\"https:\/\/www.facebook.com\/profile.php?id=100054599792739\" \/>\n<meta property=\"article:modified_time\" content=\"2026-03-11T14:27:09+00:00\" \/>\n<meta property=\"og:image\" content=\"https:\/\/cabinet-frayre.com\/wp-content\/uploads\/2026\/01\/mathilde-isabal.webp\" \/>\n<meta name=\"twitter:card\" content=\"summary_large_image\" \/>\n<meta name=\"twitter:site\" content=\"@Cabiner_Frayre\" \/>\n<meta name=\"twitter:label1\" content=\"Est. reading time\" \/>\n\t<meta name=\"twitter:data1\" content=\"1 minute\" \/>\n<script type=\"application\/ld+json\" class=\"yoast-schema-graph\">{\"@context\":\"https:\/\/schema.org\",\"@graph\":[{\"@type\":[\"WebPage\",\"ProfilePage\"],\"@id\":\"https:\/\/cabinet-frayre.com\/en\/team\/mathilde-isabal\/\",\"url\":\"https:\/\/cabinet-frayre.com\/en\/team\/mathilde-isabal\/\",\"name\":\"Mathilde ISABAL, Genealogist | Cabinet Frayre &amp; Associ\u00e9s | Monaco\",\"isPartOf\":{\"@id\":\"https:\/\/cabinet-frayre.com\/en\/#website\"},\"primaryImageOfPage\":{\"@id\":\"https:\/\/cabinet-frayre.com\/en\/team\/mathilde-isabal\/#primaryimage\"},\"image\":{\"@id\":\"https:\/\/cabinet-frayre.com\/en\/team\/mathilde-isabal\/#primaryimage\"},\"thumbnailUrl\":\"https:\/\/cabinet-frayre.com\/wp-content\/uploads\/2026\/01\/mathilde-isabal.webp\",\"datePublished\":\"2026-02-06T12:55:18+00:00\",\"dateModified\":\"2026-03-11T14:27:09+00:00\",\"description\":\"Mathilde ISABAL, Genealogist with a Master\u2019s in private law, specializes in heir tracing and international succession investigations.\",\"breadcrumb\":{\"@id\":\"https:\/\/cabinet-frayre.com\/en\/team\/mathilde-isabal\/#breadcrumb\"},\"inLanguage\":\"en-US\",\"potentialAction\":[{\"@type\":\"ReadAction\",\"target\":[\"https:\/\/cabinet-frayre.com\/en\/team\/mathilde-isabal\/\"]}]},{\"@type\":\"ImageObject\",\"inLanguage\":\"en-US\",\"@id\":\"https:\/\/cabinet-frayre.com\/en\/team\/mathilde-isabal\/#primaryimage\",\"url\":\"https:\/\/cabinet-frayre.com\/wp-content\/uploads\/2026\/01\/mathilde-isabal.webp\",\"contentUrl\":\"https:\/\/cabinet-frayre.com\/wp-content\/uploads\/2026\/01\/mathilde-isabal.webp\"},{\"@type\":\"BreadcrumbList\",\"@id\":\"https:\/\/cabinet-frayre.com\/en\/team\/mathilde-isabal\/#breadcrumb\",\"itemListElement\":[{\"@type\":\"ListItem\",\"position\":1,\"name\":\"Home\",\"item\":\"https:\/\/cabinet-frayre.com\/en\/\"},{\"@type\":\"ListItem\",\"position\":2,\"name\":\"Team\",\"item\":\"https:\/\/cabinet-frayre.com\/en\/lequipe\/\"},{\"@type\":\"ListItem\",\"position\":3,\"name\":\"Mathilde ISABAL\"}]},{\"@type\":\"WebSite\",\"@id\":\"https:\/\/cabinet-frayre.com\/en\/#website\",\"url\":\"https:\/\/cabinet-frayre.com\/en\/\",\"name\":\"Cabinet Frayre et Associ\u00e9s\",\"description\":\"G\u00e9n\u00e9alogiste successoral et recherche d&#039;h\u00e9ritiers\",\"publisher\":{\"@id\":\"https:\/\/cabinet-frayre.com\/en\/#organization\"},\"potentialAction\":[{\"@type\":\"SearchAction\",\"target\":{\"@type\":\"EntryPoint\",\"urlTemplate\":\"https:\/\/cabinet-frayre.com\/en\/?s={search_term_string}\"},\"query-input\":{\"@type\":\"PropertyValueSpecification\",\"valueRequired\":true,\"valueName\":\"search_term_string\"}}],\"inLanguage\":\"en-US\"},{\"@type\":\"Organization\",\"@id\":\"https:\/\/cabinet-frayre.com\/en\/#organization\",\"name\":\"Cabinet Frayre et Associ\u00e9s\",\"url\":\"https:\/\/cabinet-frayre.com\/en\/\",\"logo\":{\"@type\":\"ImageObject\",\"inLanguage\":\"en-US\",\"@id\":\"https:\/\/cabinet-frayre.com\/en\/#\/schema\/logo\/image\/\",\"url\":\"https:\/\/cabinet-frayre.com\/wp-content\/uploads\/2026\/01\/cropped-Cabinet_Frayre_Associes.FAVICON.png\",\"contentUrl\":\"https:\/\/cabinet-frayre.com\/wp-content\/uploads\/2026\/01\/cropped-Cabinet_Frayre_Associes.FAVICON.png\",\"width\":512,\"height\":512,\"caption\":\"Cabinet Frayre et Associ\u00e9s\"},\"image\":{\"@id\":\"https:\/\/cabinet-frayre.com\/en\/#\/schema\/logo\/image\/\"},\"sameAs\":[\"https:\/\/www.facebook.com\/profile.php?id=100054599792739\",\"https:\/\/x.com\/Cabiner_Frayre\",\"https:\/\/www.linkedin.com\/company\/cabinet-frayre-&-associ\u00e9s\/\"],\"mainEntityOfPage\":{\"@id\":\"https:\/\/cabinet-frayre.com\/en\/team\/mathilde-isabal\/\"}}]}<\/script>\n<!-- \/ Yoast SEO plugin. -->","yoast_head_json":{"title":"Mathilde ISABAL, Genealogist | Cabinet Frayre &amp; Associ\u00e9s | Monaco","description":"Mathilde ISABAL, Genealogist with a Master\u2019s in private law, specializes in heir tracing and international succession investigations.","robots":{"index":"index","follow":"follow","max-snippet":"max-snippet:-1","max-image-preview":"max-image-preview:large","max-video-preview":"max-video-preview:-1"},"canonical":"https:\/\/cabinet-frayre.com\/en\/team\/mathilde-isabal\/","og_locale":"en_US","og_type":"article","og_title":"Mathilde ISABAL, Genealogist | Cabinet Frayre &amp; Associ\u00e9s | Monaco","og_description":"Mathilde ISABAL, Genealogist with a Master\u2019s in private law, specializes in heir tracing and international succession investigations.","og_url":"https:\/\/cabinet-frayre.com\/en\/team\/mathilde-isabal\/","og_site_name":"Cabinet Frayre &amp; Associ\u00e9s","article_publisher":"https:\/\/www.facebook.com\/profile.php?id=100054599792739","article_modified_time":"2026-03-11T14:27:09+00:00","og_image":[{"url":"https:\/\/cabinet-frayre.com\/wp-content\/uploads\/2026\/01\/mathilde-isabal.webp","type":"","width":"","height":""}],"twitter_card":"summary_large_image","twitter_site":"@Cabiner_Frayre","twitter_misc":{"Est. reading time":"1 minute"},"schema":{"@context":"https:\/\/schema.org","@graph":[{"@type":["WebPage","ProfilePage"],"@id":"https:\/\/cabinet-frayre.com\/en\/team\/mathilde-isabal\/","url":"https:\/\/cabinet-frayre.com\/en\/team\/mathilde-isabal\/","name":"Mathilde ISABAL, Genealogist | Cabinet Frayre &amp; Associ\u00e9s | Monaco","isPartOf":{"@id":"https:\/\/cabinet-frayre.com\/en\/#website"},"primaryImageOfPage":{"@id":"https:\/\/cabinet-frayre.com\/en\/team\/mathilde-isabal\/#primaryimage"},"image":{"@id":"https:\/\/cabinet-frayre.com\/en\/team\/mathilde-isabal\/#primaryimage"},"thumbnailUrl":"https:\/\/cabinet-frayre.com\/wp-content\/uploads\/2026\/01\/mathilde-isabal.webp","datePublished":"2026-02-06T12:55:18+00:00","dateModified":"2026-03-11T14:27:09+00:00","description":"Mathilde ISABAL, Genealogist with a Master\u2019s in private law, specializes in heir tracing and international succession investigations.","breadcrumb":{"@id":"https:\/\/cabinet-frayre.com\/en\/team\/mathilde-isabal\/#breadcrumb"},"inLanguage":"en-US","potentialAction":[{"@type":"ReadAction","target":["https:\/\/cabinet-frayre.com\/en\/team\/mathilde-isabal\/"]}]},{"@type":"ImageObject","inLanguage":"en-US","@id":"https:\/\/cabinet-frayre.com\/en\/team\/mathilde-isabal\/#primaryimage","url":"https:\/\/cabinet-frayre.com\/wp-content\/uploads\/2026\/01\/mathilde-isabal.webp","contentUrl":"https:\/\/cabinet-frayre.com\/wp-content\/uploads\/2026\/01\/mathilde-isabal.webp"},{"@type":"BreadcrumbList","@id":"https:\/\/cabinet-frayre.com\/en\/team\/mathilde-isabal\/#breadcrumb","itemListElement":[{"@type":"ListItem","position":1,"name":"Home","item":"https:\/\/cabinet-frayre.com\/en\/"},{"@type":"ListItem","position":2,"name":"Team","item":"https:\/\/cabinet-frayre.com\/en\/lequipe\/"},{"@type":"ListItem","position":3,"name":"Mathilde ISABAL"}]},{"@type":"WebSite","@id":"https:\/\/cabinet-frayre.com\/en\/#website","url":"https:\/\/cabinet-frayre.com\/en\/","name":"Cabinet Frayre et Associ\u00e9s","description":"G\u00e9n\u00e9alogiste successoral et recherche d&#039;h\u00e9ritiers","publisher":{"@id":"https:\/\/cabinet-frayre.com\/en\/#organization"},"potentialAction":[{"@type":"SearchAction","target":{"@type":"EntryPoint","urlTemplate":"https:\/\/cabinet-frayre.com\/en\/?s={search_term_string}"},"query-input":{"@type":"PropertyValueSpecification","valueRequired":true,"valueName":"search_term_string"}}],"inLanguage":"en-US"},{"@type":"Organization","@id":"https:\/\/cabinet-frayre.com\/en\/#organization","name":"Cabinet Frayre et Associ\u00e9s","url":"https:\/\/cabinet-frayre.com\/en\/","logo":{"@type":"ImageObject","inLanguage":"en-US","@id":"https:\/\/cabinet-frayre.com\/en\/#\/schema\/logo\/image\/","url":"https:\/\/cabinet-frayre.com\/wp-content\/uploads\/2026\/01\/cropped-Cabinet_Frayre_Associes.FAVICON.png","contentUrl":"https:\/\/cabinet-frayre.com\/wp-content\/uploads\/2026\/01\/cropped-Cabinet_Frayre_Associes.FAVICON.png","width":512,"height":512,"caption":"Cabinet Frayre et Associ\u00e9s"},"image":{"@id":"https:\/\/cabinet-frayre.com\/en\/#\/schema\/logo\/image\/"},"sameAs":["https:\/\/www.facebook.com\/profile.php?id=100054599792739","https:\/\/x.com\/Cabiner_Frayre","https:\/\/www.linkedin.com\/company\/cabinet-frayre-&-associ\u00e9s\/"],"mainEntityOfPage":{"@id":"https:\/\/cabinet-frayre.com\/en\/team\/mathilde-isabal\/"}}]}},"_links":{"self":[{"href":"https:\/\/cabinet-frayre.com\/en\/wp-json\/wp\/v2\/pages\/6217","targetHints":{"allow":["GET"]}}],"collection":[{"href":"https:\/\/cabinet-frayre.com\/en\/wp-json\/wp\/v2\/pages"}],"about":[{"href":"https:\/\/cabinet-frayre.com\/en\/wp-json\/wp\/v2\/types\/page"}],"author":[{"embeddable":true,"href":"https:\/\/cabinet-frayre.com\/en\/wp-json\/wp\/v2\/users\/1"}],"replies":[{"embeddable":true,"href":"https:\/\/cabinet-frayre.com\/en\/wp-json\/wp\/v2\/comments?post=6217"}],"version-history":[{"count":29,"href":"https:\/\/cabinet-frayre.com\/en\/wp-json\/wp\/v2\/pages\/6217\/revisions"}],"predecessor-version":[{"id":7346,"href":"https:\/\/cabinet-frayre.com\/en\/wp-json\/wp\/v2\/pages\/6217\/revisions\/7346"}],"up":[{"embeddable":true,"href":"https:\/\/cabinet-frayre.com\/en\/wp-json\/wp\/v2\/pages\/5564"}],"wp:attachment":[{"href":"https:\/\/cabinet-frayre.com\/en\/wp-json\/wp\/v2\/media?parent=6217"}],"curies":[{"name":"wp","href":"https:\/\/api.w.org\/{rel}","templated":true}]}}