{"id":5921,"date":"2026-01-26T13:07:51","date_gmt":"2026-01-26T13:07:51","guid":{"rendered":"https:\/\/cabinet-frayre.com\/?page_id=5921"},"modified":"2026-03-11T14:49:38","modified_gmt":"2026-03-11T14:49:38","slug":"legal-notice","status":"publish","type":"page","link":"https:\/\/cabinet-frayre.com\/en\/legal-notice\/","title":{"rendered":"Legal Notice"},"content":{"rendered":"\t\t<div data-elementor-type=\"wp-page\" data-elementor-id=\"5921\" class=\"elementor elementor-5921\">\n\t\t\t\t<div class=\"elementor-element elementor-element-1afedf42 e-flex e-con-boxed e-con e-parent\" data-id=\"1afedf42\" data-element_type=\"container\">\n\t\t\t\t\t<div class=\"e-con-inner\">\n\t\t<div class=\"elementor-element elementor-element-310c38c e-con-full e-flex e-con e-child\" data-id=\"310c38c\" data-element_type=\"container\">\n\t\t\r\n\t\t<div class=\"elementor-element elementor-element-600aa74 elementor-widget elementor-widget-heading\" data-id=\"600aa74\" data-element_type=\"widget\" data-widget_type=\"heading.default\">\n\t\t\t\t\t<h2 class=\"elementor-heading-title elementor-size-default\">Legal Notice - Cabinet Frayre &amp; Associ\u00e9s<\/h2>\t\t\t\t<\/div>\n\t\t\t\t<div class=\"elementor-element elementor-element-a0f60cc elementor-widget elementor-widget-text-editor\" data-id=\"a0f60cc\" data-element_type=\"widget\" data-widget_type=\"text-editor.default\">\n\t\t\t\t\t\t\t\t\t<ul>\n<li>\u00a0<em>Effective date:<\/em> 02\/01\/2026<\/li>\n<li><em>Last updated:<\/em> 02\/01\/2026<\/li>\n<\/ul>\t\t\t\t\t\t\t\t<\/div>\n\t\t\t\t<div class=\"elementor-element elementor-element-e133568 elementor-widget elementor-widget-heading\" data-id=\"e133568\" data-element_type=\"widget\" data-widget_type=\"heading.default\">\n\t\t\t\t\t<h3 class=\"elementor-heading-title elementor-size-default\">Website Publisher<\/h3>\t\t\t\t<\/div>\n\t\t\t\t<div class=\"elementor-element elementor-element-de930d3 elementor-widget elementor-widget-text-editor\" data-id=\"de930d3\" data-element_type=\"widget\" data-widget_type=\"text-editor.default\">\n\t\t\t\t\t\t\t\t\t<p>The Website is published by:\u00a0<\/p><ul><li>D\u00e9nomination sociale : Cabinet Frayre &amp; Associ\u00e9s<\/li><li>Legal form:\u00a0Soci\u00e9t\u00e9 \u00e0 Responsabilit\u00e9 Limit\u00e9e<\/li><li>Registered office: 7 Boulevard des Moulins, Monte-Carlo Palace \u2013 98000 Monaco<\/li><li>Num\u00e9ro RCI : 14S06312<\/li><li>Telephone: +37797770477<\/li><li>Email: <a href=\"info@cabinet-frayre.com\">info@cabinet-frayre.com<\/a><\/li><li>The Director of Publication is: Christophe Frayre<\/li><\/ul>\t\t\t\t\t\t\t\t<\/div>\n\t\t\t\t<div class=\"elementor-element elementor-element-5ccea41 elementor-widget-divider--view-line elementor-widget elementor-widget-divider\" data-id=\"5ccea41\" data-element_type=\"widget\" data-widget_type=\"divider.default\">\n\t\t\t\t\t\t\t<div class=\"elementor-divider\">\n\t\t\t<span class=\"elementor-divider-separator\">\n\t\t\t\t\t\t<\/span>\n\t\t<\/div>\n\t\t\t\t\t\t<\/div>\n\t\t\t\t<div class=\"elementor-element elementor-element-80821e6 elementor-widget elementor-widget-heading\" data-id=\"80821e6\" data-element_type=\"widget\" data-widget_type=\"heading.default\">\n\t\t\t\t\t<h3 class=\"elementor-heading-title elementor-size-default\">Website Hosting Provider<\/h3>\t\t\t\t<\/div>\n\t\t\t\t<div class=\"elementor-element elementor-element-96d3943 elementor-widget elementor-widget-text-editor\" data-id=\"96d3943\" data-element_type=\"widget\" data-widget_type=\"text-editor.default\">\n\t\t\t\t\t\t\t\t\t<ul><li>Website Host: Monaco Cloud<\/li><li>Address: 9 avenue Albert II, B\u00e2timent Le Copori 4\u1d49 \u00e9tage, 98000, Monaco<\/li><li>Site web:\u00a0<a href=\"https:\/\/www.monacocloud.mc\" target=\"_blank\" rel=\"noopener,nofollow\">https:\/\/www.monacocloud.mc<\/a><\/li><li>Tel : +377 97 97 07 29<\/li><\/ul>\t\t\t\t\t\t\t\t<\/div>\n\t\t\t\t<div class=\"elementor-element elementor-element-f7c6a49 elementor-widget-divider--view-line elementor-widget elementor-widget-divider\" data-id=\"f7c6a49\" data-element_type=\"widget\" data-widget_type=\"divider.default\">\n\t\t\t\t\t\t\t<div class=\"elementor-divider\">\n\t\t\t<span class=\"elementor-divider-separator\">\n\t\t\t\t\t\t<\/span>\n\t\t<\/div>\n\t\t\t\t\t\t<\/div>\n\t\t\t\t<div class=\"elementor-element elementor-element-d2a5978 elementor-widget elementor-widget-heading\" data-id=\"d2a5978\" data-element_type=\"widget\" data-widget_type=\"heading.default\">\n\t\t\t\t\t<h3 class=\"elementor-heading-title elementor-size-default\">Website Design and Development<\/h3>\t\t\t\t<\/div>\n\t\t\t\t<div class=\"elementor-element elementor-element-92bb084 elementor-widget elementor-widget-text-editor\" data-id=\"92bb084\" data-element_type=\"widget\" data-widget_type=\"text-editor.default\">\n\t\t\t\t\t\t\t\t\t<ul><li>Website Design: Baccana Digital Consulting<\/li><li>Address: 1 Avenue Henry Dunant, Palais de la Scala &#8211; 1135, 98000, Monaco<\/li><li>Site web: <a href=\"https:\/\/www.baccanagroup.com\/\" target=\"_blank\" rel=\"noopener\">https:\/\/www.baccanagroup.com\/<\/a><\/li><li>Tel : +377 99 90 71 39<\/li><\/ul>\t\t\t\t\t\t\t\t<\/div>\n\t\t\t\t<div class=\"elementor-element elementor-element-cfaab5e elementor-widget-divider--view-line elementor-widget elementor-widget-divider\" data-id=\"cfaab5e\" data-element_type=\"widget\" data-widget_type=\"divider.default\">\n\t\t\t\t\t\t\t<div class=\"elementor-divider\">\n\t\t\t<span class=\"elementor-divider-separator\">\n\t\t\t\t\t\t<\/span>\n\t\t<\/div>\n\t\t\t\t\t\t<\/div>\n\t\t\t\t<div class=\"elementor-element elementor-element-690b5c2 elementor-widget elementor-widget-heading\" data-id=\"690b5c2\" data-element_type=\"widget\" data-widget_type=\"heading.default\">\n\t\t\t\t\t<h3 class=\"elementor-heading-title elementor-size-default\">Intellectual Property<\/h3>\t\t\t\t<\/div>\n\t\t\t\t<div class=\"elementor-element elementor-element-613c7bb elementor-widget elementor-widget-text-editor\" data-id=\"613c7bb\" data-element_type=\"widget\" data-widget_type=\"text-editor.default\">\n\t\t\t\t\t\t\t\t\t<p>The Website and all of its content, including but not limited to texts, images, graphics, logos, icons, videos, software, and structure, are protected by intellectual property laws and are the exclusive property of Cabinet Frayre &amp; Associ\u00e9s or its licensors.<\/p><p>Any reproduction, representation, modification, publication, transmission, or adaptation, in whole or in part, of the Website or its content, by any means whatsoever, is strictly prohibited without the prior written authorization of Cabinet Frayre &amp; Associ\u00e9s, except as expressly permitted by law.<\/p>\t\t\t\t\t\t\t\t<\/div>\n\t\t\t\t<div class=\"elementor-element elementor-element-a2084c6 elementor-widget-divider--view-line elementor-widget elementor-widget-divider\" data-id=\"a2084c6\" data-element_type=\"widget\" data-widget_type=\"divider.default\">\n\t\t\t\t\t\t\t<div class=\"elementor-divider\">\n\t\t\t<span class=\"elementor-divider-separator\">\n\t\t\t\t\t\t<\/span>\n\t\t<\/div>\n\t\t\t\t\t\t<\/div>\n\t\t\t\t<div class=\"elementor-element elementor-element-caeac63 elementor-widget elementor-widget-heading\" data-id=\"caeac63\" data-element_type=\"widget\" data-widget_type=\"heading.default\">\n\t\t\t\t\t<h3 class=\"elementor-heading-title elementor-size-default\">Professional Rules and Ethics<\/h3>\t\t\t\t<\/div>\n\t\t\t\t<div class=\"elementor-element elementor-element-97e333d elementor-widget elementor-widget-text-editor\" data-id=\"97e333d\" data-element_type=\"widget\" data-widget_type=\"text-editor.default\">\n\t\t\t\t\t\t\t\t\t<p>Cabinet Frayre &amp; Associ\u00e9s is a regulated professional firm subject to applicable professional rules and ethical obligations.<\/p><p>The applicable professional rules include:<\/p><ul><li>The professional and ethical rules governing the profession in the Principality of Monaco;<\/li><li>Where applicable, professional rules applicable within the European Union.<\/li><\/ul><p>Further information may be obtained from the relevant professional bodies.<\/p>\t\t\t\t\t\t\t\t<\/div>\n\t\t\t\t<div class=\"elementor-element elementor-element-6ce561c elementor-widget-divider--view-line elementor-widget elementor-widget-divider\" data-id=\"6ce561c\" data-element_type=\"widget\" data-widget_type=\"divider.default\">\n\t\t\t\t\t\t\t<div class=\"elementor-divider\">\n\t\t\t<span class=\"elementor-divider-separator\">\n\t\t\t\t\t\t<\/span>\n\t\t<\/div>\n\t\t\t\t\t\t<\/div>\n\t\t\t\t<div class=\"elementor-element elementor-element-6b89a89 elementor-widget elementor-widget-heading\" data-id=\"6b89a89\" data-element_type=\"widget\" data-widget_type=\"heading.default\">\n\t\t\t\t\t<h3 class=\"elementor-heading-title elementor-size-default\">Limitation of Liability<\/h3>\t\t\t\t<\/div>\n\t\t\t\t<div class=\"elementor-element elementor-element-e1e463b elementor-widget elementor-widget-text-editor\" data-id=\"e1e463b\" data-element_type=\"widget\" data-widget_type=\"text-editor.default\">\n\t\t\t\t\t\t\t\t\t<p>Cabinet Frayre &amp; Associ\u00e9s endeavours to ensure that the information published on the Website is accurate and up to date. However, the firm cannot guarantee the accuracy, completeness, or timeliness of the information provided.<\/p><p>The information on the Website is provided for general informational purposes only and does not constitute legal, professional, or commercial advice.<\/p><p>Cabinet Frayre &amp; Associ\u00e9s shall not be held liable for any direct or indirect damage arising from the use of the Website or the inability to access it.<\/p>\t\t\t\t\t\t\t\t<\/div>\n\t\t\t\t<div class=\"elementor-element elementor-element-f23a0f8 elementor-widget-divider--view-line elementor-widget elementor-widget-divider\" data-id=\"f23a0f8\" data-element_type=\"widget\" data-widget_type=\"divider.default\">\n\t\t\t\t\t\t\t<div class=\"elementor-divider\">\n\t\t\t<span class=\"elementor-divider-separator\">\n\t\t\t\t\t\t<\/span>\n\t\t<\/div>\n\t\t\t\t\t\t<\/div>\n\t\t\t\t<div class=\"elementor-element elementor-element-a875371 elementor-widget elementor-widget-heading\" data-id=\"a875371\" data-element_type=\"widget\" data-widget_type=\"heading.default\">\n\t\t\t\t\t<h3 class=\"elementor-heading-title elementor-size-default\">Hyperlinks<\/h3>\t\t\t\t<\/div>\n\t\t\t\t<div class=\"elementor-element elementor-element-508a04f elementor-widget elementor-widget-text-editor\" data-id=\"508a04f\" data-element_type=\"widget\" data-widget_type=\"text-editor.default\">\n\t\t\t\t\t\t\t\t\t<p>The Website may contain hyperlinks to third-party websites. Cabinet Frayre &amp; Associ\u00e9s has no control over such websites and accepts no responsibility for their content or privacy practices.<\/p><p>The creation of hyperlinks to the Website is subject to the prior written authorization of Cabinet Frayre &amp; Associ\u00e9s.<\/p>\t\t\t\t\t\t\t\t<\/div>\n\t\t\t\t<div class=\"elementor-element elementor-element-6bbe65f elementor-widget-divider--view-line elementor-widget elementor-widget-divider\" data-id=\"6bbe65f\" data-element_type=\"widget\" data-widget_type=\"divider.default\">\n\t\t\t\t\t\t\t<div class=\"elementor-divider\">\n\t\t\t<span class=\"elementor-divider-separator\">\n\t\t\t\t\t\t<\/span>\n\t\t<\/div>\n\t\t\t\t\t\t<\/div>\n\t\t\t\t<div class=\"elementor-element elementor-element-3c54f2b elementor-widget elementor-widget-heading\" data-id=\"3c54f2b\" data-element_type=\"widget\" data-widget_type=\"heading.default\">\n\t\t\t\t\t<h3 class=\"elementor-heading-title elementor-size-default\">Personal Data<\/h3>\t\t\t\t<\/div>\n\t\t\t\t<div class=\"elementor-element elementor-element-4aaaf01 elementor-widget elementor-widget-text-editor\" data-id=\"4aaaf01\" data-element_type=\"widget\" data-widget_type=\"text-editor.default\">\n\t\t\t\t\t\t\t\t\t<p>The processing of personal data carried out via the Website is governed by the <a href=\"https:\/\/cabinet-frayre.com\/privacy-policy\/\">Privacy Policy<\/a>, which is accessible on the Website.<\/p>\t\t\t\t\t\t\t\t<\/div>\n\t\t\t\t<div class=\"elementor-element elementor-element-d8740e4 elementor-widget-divider--view-line elementor-widget elementor-widget-divider\" data-id=\"d8740e4\" data-element_type=\"widget\" data-widget_type=\"divider.default\">\n\t\t\t\t\t\t\t<div class=\"elementor-divider\">\n\t\t\t<span class=\"elementor-divider-separator\">\n\t\t\t\t\t\t<\/span>\n\t\t<\/div>\n\t\t\t\t\t\t<\/div>\n\t\t\t\t<div class=\"elementor-element elementor-element-93e679f elementor-widget elementor-widget-heading\" data-id=\"93e679f\" data-element_type=\"widget\" data-widget_type=\"heading.default\">\n\t\t\t\t\t<h3 class=\"elementor-heading-title elementor-size-default\">Cookies<\/h3>\t\t\t\t<\/div>\n\t\t\t\t<div class=\"elementor-element elementor-element-fb327b0 elementor-widget elementor-widget-text-editor\" data-id=\"fb327b0\" data-element_type=\"widget\" data-widget_type=\"text-editor.default\">\n\t\t\t\t\t\t\t\t\t<p>Information relating to the use of cookies and similar technologies is provided in the Cookie Policy, which is accessible on the Website.<\/p>\t\t\t\t\t\t\t\t<\/div>\n\t\t\t\t<div class=\"elementor-element elementor-element-b5ae679 elementor-widget-divider--view-line elementor-widget elementor-widget-divider\" data-id=\"b5ae679\" data-element_type=\"widget\" data-widget_type=\"divider.default\">\n\t\t\t\t\t\t\t<div class=\"elementor-divider\">\n\t\t\t<span class=\"elementor-divider-separator\">\n\t\t\t\t\t\t<\/span>\n\t\t<\/div>\n\t\t\t\t\t\t<\/div>\n\t\t\t\t<div class=\"elementor-element elementor-element-4ae52c3 elementor-widget elementor-widget-heading\" data-id=\"4ae52c3\" data-element_type=\"widget\" data-widget_type=\"heading.default\">\n\t\t\t\t\t<h3 class=\"elementor-heading-title elementor-size-default\">Governing Law and Jurisdiction<\/h3>\t\t\t\t<\/div>\n\t\t\t\t<div class=\"elementor-element elementor-element-380a8f0 elementor-widget elementor-widget-text-editor\" data-id=\"380a8f0\" data-element_type=\"widget\" data-widget_type=\"text-editor.default\">\n\t\t\t\t\t\t\t\t\t<p>The Website and its content are governed by the laws of the Principality of Monaco.<\/p><p>In the absence of mandatory legal provisions to the contrary, any dispute relating to the use of the Website shall fall within the exclusive jurisdiction of the courts of the Principality of Monaco.<\/p>\t\t\t\t\t\t\t\t<\/div>\n\t\t\t\t<\/div>\n\t\t\t\t\t<\/div>\n\t\t\t\t<\/div>\n\t\t\t\t<\/div>\n\t\t","protected":false},"excerpt":{"rendered":"<p>Legal Notice &#8211; Cabinet Frayre &amp; Associ\u00e9s \u00a0Effective date: 02\/01\/2026 Last updated: 02\/01\/2026 Website Publisher The Website is published by:\u00a0 D\u00e9nomination sociale : Cabinet Frayre &amp; Associ\u00e9s Legal form:\u00a0Soci\u00e9t\u00e9 \u00e0 Responsabilit\u00e9 Limit\u00e9e Registered office: 7 Boulevard des Moulins, Monte-Carlo Palace \u2013 98000 Monaco Num\u00e9ro RCI : 14S06312 Telephone: +37797770477 Email: info@cabinet-frayre.com The Director of Publication&#8230;<\/p>\n","protected":false},"author":1,"featured_media":0,"parent":0,"menu_order":0,"comment_status":"closed","ping_status":"closed","template":"","meta":{"footnotes":""},"class_list":["post-5921","page","type-page","status-publish","hentry"],"yoast_head":"<!-- This site is optimized with the Yoast SEO plugin v26.8 - https:\/\/yoast.com\/product\/yoast-seo-wordpress\/ -->\n<title>Legal Notice | Cabinet Frayre &amp; Associ\u00e9s<\/title>\n<meta name=\"description\" content=\"Legal notice and regulatory information for Cabinet Frayre &amp; Associ\u00e9s, probate genealogists based in Monaco and operating internationally.\" \/>\n<meta name=\"robots\" content=\"index, follow, max-snippet:-1, max-image-preview:large, max-video-preview:-1\" \/>\n<link rel=\"canonical\" href=\"https:\/\/cabinet-frayre.com\/en\/legal-notice\/\" \/>\n<meta property=\"og:locale\" content=\"en_US\" \/>\n<meta property=\"og:type\" content=\"article\" \/>\n<meta property=\"og:title\" content=\"Legal Notice | Cabinet Frayre &amp; Associ\u00e9s\" \/>\n<meta property=\"og:description\" content=\"Legal notice and regulatory information for Cabinet Frayre &amp; Associ\u00e9s, probate genealogists based in Monaco and operating internationally.\" \/>\n<meta property=\"og:url\" content=\"https:\/\/cabinet-frayre.com\/en\/legal-notice\/\" \/>\n<meta property=\"og:site_name\" content=\"Cabinet Frayre &amp; Associ\u00e9s\" \/>\n<meta property=\"article:publisher\" content=\"https:\/\/www.facebook.com\/profile.php?id=100054599792739\" \/>\n<meta property=\"article:modified_time\" content=\"2026-03-11T14:49:38+00:00\" \/>\n<meta property=\"og:image\" content=\"https:\/\/cabinet-frayre.com\/wp-content\/uploads\/2026\/01\/Cabinet_Frayre_Associes_CorporateLogo.HQ_.jpg\" \/>\n\t<meta property=\"og:image:width\" content=\"1536\" \/>\n\t<meta property=\"og:image:height\" content=\"1024\" \/>\n\t<meta property=\"og:image:type\" content=\"image\/jpeg\" \/>\n<meta name=\"twitter:card\" content=\"summary_large_image\" \/>\n<meta name=\"twitter:site\" content=\"@Cabiner_Frayre\" \/>\n<meta name=\"twitter:label1\" content=\"Est. reading time\" \/>\n\t<meta name=\"twitter:data1\" content=\"3 minutes\" \/>\n<script type=\"application\/ld+json\" class=\"yoast-schema-graph\">{\"@context\":\"https:\/\/schema.org\",\"@graph\":[{\"@type\":\"WebPage\",\"@id\":\"https:\/\/cabinet-frayre.com\/en\/legal-notice\/\",\"url\":\"https:\/\/cabinet-frayre.com\/en\/legal-notice\/\",\"name\":\"Legal Notice | Cabinet Frayre &amp; Associ\u00e9s\",\"isPartOf\":{\"@id\":\"https:\/\/cabinet-frayre.com\/en\/#website\"},\"datePublished\":\"2026-01-26T13:07:51+00:00\",\"dateModified\":\"2026-03-11T14:49:38+00:00\",\"description\":\"Legal notice and regulatory information for Cabinet Frayre & Associ\u00e9s, probate genealogists based in Monaco and operating internationally.\",\"breadcrumb\":{\"@id\":\"https:\/\/cabinet-frayre.com\/en\/legal-notice\/#breadcrumb\"},\"inLanguage\":\"en-US\",\"potentialAction\":[{\"@type\":\"ReadAction\",\"target\":[\"https:\/\/cabinet-frayre.com\/en\/legal-notice\/\"]}]},{\"@type\":\"BreadcrumbList\",\"@id\":\"https:\/\/cabinet-frayre.com\/en\/legal-notice\/#breadcrumb\",\"itemListElement\":[{\"@type\":\"ListItem\",\"position\":1,\"name\":\"Home\",\"item\":\"https:\/\/cabinet-frayre.com\/en\/\"},{\"@type\":\"ListItem\",\"position\":2,\"name\":\"Legal Notice\"}]},{\"@type\":\"WebSite\",\"@id\":\"https:\/\/cabinet-frayre.com\/en\/#website\",\"url\":\"https:\/\/cabinet-frayre.com\/en\/\",\"name\":\"Cabinet Frayre et Associ\u00e9s\",\"description\":\"G\u00e9n\u00e9alogiste successoral et recherche d&#039;h\u00e9ritiers\",\"publisher\":{\"@id\":\"https:\/\/cabinet-frayre.com\/en\/#organization\"},\"potentialAction\":[{\"@type\":\"SearchAction\",\"target\":{\"@type\":\"EntryPoint\",\"urlTemplate\":\"https:\/\/cabinet-frayre.com\/en\/?s={search_term_string}\"},\"query-input\":{\"@type\":\"PropertyValueSpecification\",\"valueRequired\":true,\"valueName\":\"search_term_string\"}}],\"inLanguage\":\"en-US\"},{\"@type\":\"Organization\",\"@id\":\"https:\/\/cabinet-frayre.com\/en\/#organization\",\"name\":\"Cabinet Frayre et Associ\u00e9s\",\"url\":\"https:\/\/cabinet-frayre.com\/en\/\",\"logo\":{\"@type\":\"ImageObject\",\"inLanguage\":\"en-US\",\"@id\":\"https:\/\/cabinet-frayre.com\/en\/#\/schema\/logo\/image\/\",\"url\":\"https:\/\/cabinet-frayre.com\/wp-content\/uploads\/2026\/01\/cropped-Cabinet_Frayre_Associes.FAVICON.png\",\"contentUrl\":\"https:\/\/cabinet-frayre.com\/wp-content\/uploads\/2026\/01\/cropped-Cabinet_Frayre_Associes.FAVICON.png\",\"width\":512,\"height\":512,\"caption\":\"Cabinet Frayre et Associ\u00e9s\"},\"image\":{\"@id\":\"https:\/\/cabinet-frayre.com\/en\/#\/schema\/logo\/image\/\"},\"sameAs\":[\"https:\/\/www.facebook.com\/profile.php?id=100054599792739\",\"https:\/\/x.com\/Cabiner_Frayre\",\"https:\/\/www.linkedin.com\/company\/cabinet-frayre-&-associ\u00e9s\/\"]}]}<\/script>\n<!-- \/ Yoast SEO plugin. -->","yoast_head_json":{"title":"Legal Notice | Cabinet Frayre &amp; Associ\u00e9s","description":"Legal notice and regulatory information for Cabinet Frayre & Associ\u00e9s, probate genealogists based in Monaco and operating internationally.","robots":{"index":"index","follow":"follow","max-snippet":"max-snippet:-1","max-image-preview":"max-image-preview:large","max-video-preview":"max-video-preview:-1"},"canonical":"https:\/\/cabinet-frayre.com\/en\/legal-notice\/","og_locale":"en_US","og_type":"article","og_title":"Legal Notice | Cabinet Frayre &amp; Associ\u00e9s","og_description":"Legal notice and regulatory information for Cabinet Frayre & Associ\u00e9s, probate genealogists based in Monaco and operating internationally.","og_url":"https:\/\/cabinet-frayre.com\/en\/legal-notice\/","og_site_name":"Cabinet Frayre &amp; Associ\u00e9s","article_publisher":"https:\/\/www.facebook.com\/profile.php?id=100054599792739","article_modified_time":"2026-03-11T14:49:38+00:00","og_image":[{"width":1536,"height":1024,"url":"https:\/\/cabinet-frayre.com\/wp-content\/uploads\/2026\/01\/Cabinet_Frayre_Associes_CorporateLogo.HQ_.jpg","type":"image\/jpeg"}],"twitter_card":"summary_large_image","twitter_site":"@Cabiner_Frayre","twitter_misc":{"Est. reading time":"3 minutes"},"schema":{"@context":"https:\/\/schema.org","@graph":[{"@type":"WebPage","@id":"https:\/\/cabinet-frayre.com\/en\/legal-notice\/","url":"https:\/\/cabinet-frayre.com\/en\/legal-notice\/","name":"Legal Notice | Cabinet Frayre &amp; Associ\u00e9s","isPartOf":{"@id":"https:\/\/cabinet-frayre.com\/en\/#website"},"datePublished":"2026-01-26T13:07:51+00:00","dateModified":"2026-03-11T14:49:38+00:00","description":"Legal notice and regulatory information for Cabinet Frayre & Associ\u00e9s, probate genealogists based in Monaco and operating internationally.","breadcrumb":{"@id":"https:\/\/cabinet-frayre.com\/en\/legal-notice\/#breadcrumb"},"inLanguage":"en-US","potentialAction":[{"@type":"ReadAction","target":["https:\/\/cabinet-frayre.com\/en\/legal-notice\/"]}]},{"@type":"BreadcrumbList","@id":"https:\/\/cabinet-frayre.com\/en\/legal-notice\/#breadcrumb","itemListElement":[{"@type":"ListItem","position":1,"name":"Home","item":"https:\/\/cabinet-frayre.com\/en\/"},{"@type":"ListItem","position":2,"name":"Legal Notice"}]},{"@type":"WebSite","@id":"https:\/\/cabinet-frayre.com\/en\/#website","url":"https:\/\/cabinet-frayre.com\/en\/","name":"Cabinet Frayre et Associ\u00e9s","description":"G\u00e9n\u00e9alogiste successoral et recherche d&#039;h\u00e9ritiers","publisher":{"@id":"https:\/\/cabinet-frayre.com\/en\/#organization"},"potentialAction":[{"@type":"SearchAction","target":{"@type":"EntryPoint","urlTemplate":"https:\/\/cabinet-frayre.com\/en\/?s={search_term_string}"},"query-input":{"@type":"PropertyValueSpecification","valueRequired":true,"valueName":"search_term_string"}}],"inLanguage":"en-US"},{"@type":"Organization","@id":"https:\/\/cabinet-frayre.com\/en\/#organization","name":"Cabinet Frayre et Associ\u00e9s","url":"https:\/\/cabinet-frayre.com\/en\/","logo":{"@type":"ImageObject","inLanguage":"en-US","@id":"https:\/\/cabinet-frayre.com\/en\/#\/schema\/logo\/image\/","url":"https:\/\/cabinet-frayre.com\/wp-content\/uploads\/2026\/01\/cropped-Cabinet_Frayre_Associes.FAVICON.png","contentUrl":"https:\/\/cabinet-frayre.com\/wp-content\/uploads\/2026\/01\/cropped-Cabinet_Frayre_Associes.FAVICON.png","width":512,"height":512,"caption":"Cabinet Frayre et Associ\u00e9s"},"image":{"@id":"https:\/\/cabinet-frayre.com\/en\/#\/schema\/logo\/image\/"},"sameAs":["https:\/\/www.facebook.com\/profile.php?id=100054599792739","https:\/\/x.com\/Cabiner_Frayre","https:\/\/www.linkedin.com\/company\/cabinet-frayre-&-associ\u00e9s\/"]}]}},"_links":{"self":[{"href":"https:\/\/cabinet-frayre.com\/en\/wp-json\/wp\/v2\/pages\/5921","targetHints":{"allow":["GET"]}}],"collection":[{"href":"https:\/\/cabinet-frayre.com\/en\/wp-json\/wp\/v2\/pages"}],"about":[{"href":"https:\/\/cabinet-frayre.com\/en\/wp-json\/wp\/v2\/types\/page"}],"author":[{"embeddable":true,"href":"https:\/\/cabinet-frayre.com\/en\/wp-json\/wp\/v2\/users\/1"}],"replies":[{"embeddable":true,"href":"https:\/\/cabinet-frayre.com\/en\/wp-json\/wp\/v2\/comments?post=5921"}],"version-history":[{"count":7,"href":"https:\/\/cabinet-frayre.com\/en\/wp-json\/wp\/v2\/pages\/5921\/revisions"}],"predecessor-version":[{"id":5930,"href":"https:\/\/cabinet-frayre.com\/en\/wp-json\/wp\/v2\/pages\/5921\/revisions\/5930"}],"wp:attachment":[{"href":"https:\/\/cabinet-frayre.com\/en\/wp-json\/wp\/v2\/media?parent=5921"}],"curies":[{"name":"wp","href":"https:\/\/api.w.org\/{rel}","templated":true}]}}