{"id":53,"date":"2024-12-17T05:24:23","date_gmt":"2024-12-17T05:24:23","guid":{"rendered":"https:\/\/wordpress.themeholy.com\/ensaf\/?page_id=53"},"modified":"2026-03-12T09:42:36","modified_gmt":"2026-03-12T09:42:36","slug":"areas-of-expertise","status":"publish","type":"page","link":"https:\/\/cabinet-frayre.com\/en\/areas-of-expertise\/","title":{"rendered":"Expertise"},"content":{"rendered":"\t\t<div data-elementor-type=\"wp-page\" data-elementor-id=\"53\" class=\"elementor elementor-53\">\n\t\t\t\t<div class=\"elementor-element elementor-element-7c74ae0 e-flex e-con-boxed e-con e-parent\" data-id=\"7c74ae0\" data-element_type=\"container\">\n\t\t\t\t\t<div class=\"e-con-inner\">\n\t\t\r\n\t\t<div class=\"elementor-element elementor-element-2be47c1 elementor-widget elementor-widget-ensafsectiontitle\" data-id=\"2be47c1\" data-element_type=\"widget\" data-widget_type=\"ensafsectiontitle.default\">\n\t\t\t\t<div class=\"elementor-widget-container\">\n\t\t\t\t\t\t\t<div class=\"title-area text-center \">\r\n\t\t\t<span class=\"sub-title \">Our Services<\/span><h2 class=\"sec-title \">Probate Genealogy &amp; Heir Search<\/h2>\t\t<\/div>\r\n\r\n\t\t\t\t\t<\/div>\n\t\t\t\t<\/div>\n\t\t\t\t<div class=\"elementor-element elementor-element-1f30b49 elementor-widget elementor-widget-ensafservice\" data-id=\"1f30b49\" data-element_type=\"widget\" data-widget_type=\"ensafservice.default\">\n\t\t\t\t<div class=\"elementor-widget-container\">\n\t\t\t\t\t<div class=\"row gy-30 justify-content-center\"><div class=\"col-xl-4 col-md-6\"><div class=\"service-card\"><div class=\"shape-mockup service_card-bg-1\"><img decoding=\"async\" src=\"https:\/\/cabinet-frayre.com\/wp-content\/uploads\/2026\/02\/notaries.t.1.svg\" alt=\"notaries.t.1\"  \/><\/div><div class=\"box-icon\"><img decoding=\"async\" src=\"https:\/\/cabinet-frayre.com\/wp-content\/uploads\/2026\/02\/notaries.f.1.svg\" alt=\"notaries.f.1\"  \/><\/div><div class=\"box-content\"><h3 class=\"box-title\"><a href=\"https:\/\/cabinet-frayre.com\/areas-of-expertise\/notaries\/\">Notaries<\/a><\/h3><p class=\"box-text\">The notary needs more than anybody else to turn to international professional expert for help in inheritance law cases and heirs research.<\/p><\/div><a href=\"https:\/\/cabinet-frayre.com\/areas-of-expertise\/notaries\/\" class=\"link-btn\">Read More<i class=\"fa-regular fa-arrow-right-long\"><\/i><\/a><\/div><\/div><div class=\"col-xl-4 col-md-6\"><div class=\"service-card\"><div class=\"shape-mockup service_card-bg-1\"><img decoding=\"async\" src=\"https:\/\/cabinet-frayre.com\/wp-content\/uploads\/2026\/02\/lawyers.t.2.svg\" alt=\"lawyers.t.2\"  \/><\/div><div class=\"box-icon\"><img decoding=\"async\" src=\"https:\/\/cabinet-frayre.com\/wp-content\/uploads\/2026\/02\/lawyers.f.2.svg\" alt=\"lawyers.f.2\"  \/><\/div><div class=\"box-content\"><h3 class=\"box-title\"><a href=\"https:\/\/cabinet-frayre.com\/areas-of-expertise\/lawyers\/\">Lawyers<\/a><\/h3><p class=\"box-text\">For many years our lawyers and genealogists have been working closely with attorneys to confirm  inheritance rights or to simply establish it finding all or part of the heirs.<\/p><\/div><a href=\"https:\/\/cabinet-frayre.com\/areas-of-expertise\/lawyers\/\" class=\"link-btn\">Read More<i class=\"fa-regular fa-arrow-right-long\"><\/i><\/a><\/div><\/div><div class=\"col-xl-4 col-md-6\"><div class=\"service-card\"><div class=\"shape-mockup service_card-bg-1\"><img decoding=\"async\" src=\"https:\/\/cabinet-frayre.com\/wp-content\/uploads\/2026\/02\/banks.t.1.svg\" alt=\"banks.t.1\"  \/><\/div><div class=\"box-icon\"><img decoding=\"async\" src=\"https:\/\/cabinet-frayre.com\/wp-content\/uploads\/2026\/02\/banks.f.1.svg\" alt=\"banks.f.1\"  \/><\/div><div class=\"box-content\"><h3 class=\"box-title\"><a href=\"https:\/\/cabinet-frayre.com\/areas-of-expertise\/banks\/\">Banks<\/a><\/h3><p class=\"box-text\">Bankers rely on our arsenal of skills to fulfil complex heirs research missions, from genealogical expertise to database  research, and on-site verifications.<\/p><\/div><a href=\"https:\/\/cabinet-frayre.com\/areas-of-expertise\/banks\/\" class=\"link-btn\">Read More<i class=\"fa-regular fa-arrow-right-long\"><\/i><\/a><\/div><\/div><div class=\"col-xl-4 col-md-6\"><div class=\"service-card\"><div class=\"shape-mockup service_card-bg-1\"><img decoding=\"async\" src=\"https:\/\/cabinet-frayre.com\/wp-content\/uploads\/2026\/02\/co-ownership-syndicates.t.1.svg\" alt=\"co ownership syndicates.t.1\"  \/><\/div><div class=\"box-icon\"><img decoding=\"async\" src=\"https:\/\/cabinet-frayre.com\/wp-content\/uploads\/2026\/02\/co-ownership-syndicates.f.1.svg\" alt=\"co ownership syndicates.f.1\"  \/><\/div><div class=\"box-content\"><h3 class=\"box-title\"><a href=\"https:\/\/cabinet-frayre.com\/areas-of-expertise\/co-ownership-syndicates\/\">Co-ownership syndicates<\/a><\/h3><p class=\"box-text\">We solve all serious difficulties in case of co-owner death\/disappearance for the entire co-ownership  if the heirs are unknown (unpaid charges, maintenance, security...).<\/p><\/div><a href=\"https:\/\/cabinet-frayre.com\/areas-of-expertise\/co-ownership-syndicates\/\" class=\"link-btn\">Read More<i class=\"fa-regular fa-arrow-right-long\"><\/i><\/a><\/div><\/div><div class=\"col-xl-4 col-md-6\"><div class=\"service-card\"><div class=\"shape-mockup service_card-bg-1\"><img decoding=\"async\" src=\"https:\/\/cabinet-frayre.com\/wp-content\/uploads\/2026\/02\/town-councils-and-local-authorities.t.1.svg\" alt=\"town councils and local authorities.t.1\"  \/><\/div><div class=\"box-icon\"><img decoding=\"async\" src=\"https:\/\/cabinet-frayre.com\/wp-content\/uploads\/2026\/02\/town-councils-and-local-authorities.f.1.svg\" alt=\"town councils and local authorities.f.1\"  \/><\/div><div class=\"box-content\"><h3 class=\"box-title\"><a href=\"https:\/\/cabinet-frayre.com\/areas-of-expertise\/town-councils-and-local-authorities\/\">Town councils &amp; local authorities<\/a><\/h3><p class=\"box-text\">We assist local authorities who are responsible of  finding owners of vacant\/unowned properties in their municipalities.<\/p><\/div><a href=\"https:\/\/cabinet-frayre.com\/areas-of-expertise\/town-councils-and-local-authorities\/\" class=\"link-btn\">Read More<i class=\"fa-regular fa-arrow-right-long\"><\/i><\/a><\/div><\/div><div class=\"col-xl-4 col-md-6\"><div class=\"service-card\"><div class=\"shape-mockup service_card-bg-1\"><img decoding=\"async\" src=\"https:\/\/cabinet-frayre.com\/wp-content\/uploads\/2026\/02\/judicial-administrators.t.2.svg\" alt=\"judicial administrators.t.2\"  \/><\/div><div class=\"box-icon\"><img decoding=\"async\" src=\"https:\/\/cabinet-frayre.com\/wp-content\/uploads\/2026\/02\/judicial-administrators.f.2.svg\" alt=\"judicial administrators.f.2\"  \/><\/div><div class=\"box-content\"><h3 class=\"box-title\"><a href=\"https:\/\/cabinet-frayre.com\/areas-of-expertise\/court-administrators\/\">Court Administrators<\/a><\/h3><p class=\"box-text\">Thanks to our international experience, we are a long time court administrators and judicial representatives preferred partner performing the mission of heirs and successors search.<\/p><\/div><a href=\"https:\/\/cabinet-frayre.com\/areas-of-expertise\/court-administrators\/\" class=\"link-btn\">Read More<i class=\"fa-regular fa-arrow-right-long\"><\/i><\/a><\/div><\/div><div class=\"col-xl-4 col-md-6\"><div class=\"service-card\"><div class=\"shape-mockup service_card-bg-1\"><img decoding=\"async\" src=\"https:\/\/cabinet-frayre.com\/wp-content\/uploads\/2026\/02\/property-managers.t.1.svg\" alt=\"property managers.t.1\"  \/><\/div><div class=\"box-icon\"><img decoding=\"async\" src=\"https:\/\/cabinet-frayre.com\/wp-content\/uploads\/2026\/02\/property-managers.f.1.svg\" alt=\"property managers.f.1\"  \/><\/div><div class=\"box-content\"><h3 class=\"box-title\"><a href=\"https:\/\/cabinet-frayre.com\/areas-of-expertise\/court-administrators\/#\">Property Administrators<\/a><\/h3><p class=\"box-text\">Thanks to our international experience, we are a long time court administrators and judicial representatives preferred partner performing the mission of heirs and successors search.<\/p><\/div><a href=\"https:\/\/cabinet-frayre.com\/areas-of-expertise\/court-administrators\/#\" class=\"link-btn\">Read More<i class=\"fa-regular fa-arrow-right-long\"><\/i><\/a><\/div><\/div><div class=\"col-xl-4 col-md-6\"><div class=\"service-card\"><div class=\"shape-mockup service_card-bg-1\"><img decoding=\"async\" src=\"https:\/\/cabinet-frayre.com\/wp-content\/uploads\/2026\/02\/wealth-managers.t.1.svg\" alt=\"wealth managers.t.1\"  \/><\/div><div class=\"box-icon\"><img decoding=\"async\" src=\"https:\/\/cabinet-frayre.com\/wp-content\/uploads\/2026\/02\/wealth-managers.f.1.svg\" alt=\"wealth managers.f.1\"  \/><\/div><div class=\"box-content\"><h3 class=\"box-title\"><a href=\"https:\/\/cabinet-frayre.com\/areas-of-expertise\/asset-administrators\/\">Asset Managers<\/a><\/h3><p class=\"box-text\">We assist Asset Managers to settle heir&#039;s debts and asset balance after a person&#039;s leaving inheritance without heirs decease. (co-ownership unpaid charges, bank charges, local and property taxes...).<\/p><\/div><a href=\"https:\/\/cabinet-frayre.com\/areas-of-expertise\/asset-administrators\/\" class=\"link-btn\">Read More<i class=\"fa-regular fa-arrow-right-long\"><\/i><\/a><\/div><\/div><\/div>\t\t\t\t<\/div>\n\t\t\t\t<\/div>\n\t\t\t\t\t<\/div>\n\t\t\t\t<\/div>\n\t\t<div class=\"elementor-element elementor-element-eead5ac e-flex e-con-boxed e-con e-parent\" data-id=\"eead5ac\" data-element_type=\"container\">\n\t\t\t\t\t<div class=\"e-con-inner\">\n\t\t<div class=\"elementor-element elementor-element-4b75d3f e-con-full e-flex e-con e-child\" data-id=\"4b75d3f\" data-element_type=\"container\">\n\t\t\t\t<div class=\"elementor-element elementor-element-c286ae4 elementor-widget elementor-widget-spacer\" data-id=\"c286ae4\" data-element_type=\"widget\" data-widget_type=\"spacer.default\">\n\t\t\t\t\t\t\t<div class=\"elementor-spacer\">\n\t\t\t<div class=\"elementor-spacer-inner\"><\/div>\n\t\t<\/div>\n\t\t\t\t\t\t<\/div>\n\t\t<div class=\"elementor-element elementor-element-66b7551 e-con-full e-flex e-con e-child\" data-id=\"66b7551\" data-element_type=\"container\" data-settings=\"{&quot;background_background&quot;:&quot;classic&quot;}\">\n\t\t<div class=\"elementor-element elementor-element-6452437 e-con-full e-flex e-con e-child\" data-id=\"6452437\" data-element_type=\"container\">\n\t\t\t\t<div class=\"elementor-element elementor-element-daa7dfb elementor-widget-divider--view-line elementor-widget elementor-widget-divider\" data-id=\"daa7dfb\" data-element_type=\"widget\" data-widget_type=\"divider.default\">\n\t\t\t\t\t\t\t<div class=\"elementor-divider\">\n\t\t\t<span class=\"elementor-divider-separator\">\n\t\t\t\t\t\t<\/span>\n\t\t<\/div>\n\t\t\t\t\t\t<\/div>\n\t\t\t\t<div class=\"elementor-element elementor-element-d065325 elementor-widget elementor-widget-spacer\" data-id=\"d065325\" data-element_type=\"widget\" data-widget_type=\"spacer.default\">\n\t\t\t\t\t\t\t<div class=\"elementor-spacer\">\n\t\t\t<div class=\"elementor-spacer-inner\"><\/div>\n\t\t<\/div>\n\t\t\t\t\t\t<\/div>\n\t\t\t\t<\/div>\n\t\t<div class=\"elementor-element elementor-element-57d8d03 e-con-full e-flex e-con e-child\" data-id=\"57d8d03\" data-element_type=\"container\">\n\t\t<div class=\"elementor-element elementor-element-5478cba e-flex e-con-boxed e-con e-child\" data-id=\"5478cba\" data-element_type=\"container\">\n\t\t\t\t\t<div class=\"e-con-inner\">\n\t\t\t\t<div class=\"elementor-element elementor-element-4147b68 elementor-widget__width-inherit elementor-widget-tablet__width-inherit elementor-widget elementor-widget-heading\" data-id=\"4147b68\" data-element_type=\"widget\" data-widget_type=\"heading.default\">\n\t\t\t\t\t<h4 class=\"elementor-heading-title elementor-size-default\">Cabinet Frayre &amp; Associ\u00e9s Memberships<\/h4>\t\t\t\t<\/div>\n\t\t\t\t\t<\/div>\n\t\t\t\t<\/div>\n\t\t<div class=\"elementor-element elementor-element-327d406 e-con-full e-flex e-con e-child\" data-id=\"327d406\" data-element_type=\"container\">\n\t\t\t\t<div class=\"elementor-element elementor-element-3648c86 elementor-widget__width-initial elementor-widget-tablet__width-initial elementor-widget elementor-widget-image\" data-id=\"3648c86\" data-element_type=\"widget\" data-widget_type=\"image.default\">\n\t\t\t\t\t\t\t\t\t\t\t\t\t\t\t\t<a href=\"https:\/\/www.meb.mc\/\" target=\"_blank\">\n\t\t\t\t\t\t\t<img fetchpriority=\"high\" decoding=\"async\" width=\"300\" height=\"300\" src=\"https:\/\/cabinet-frayre.com\/wp-content\/uploads\/2026\/01\/meb.png\" class=\"attachment-medium size-medium wp-image-5621\" alt=\"Monaco Economic Board\" srcset=\"https:\/\/cabinet-frayre.com\/wp-content\/uploads\/2026\/01\/meb.png 300w, https:\/\/cabinet-frayre.com\/wp-content\/uploads\/2026\/01\/meb-150x150.png 150w, https:\/\/cabinet-frayre.com\/wp-content\/uploads\/2026\/01\/meb-80x80.png 80w, https:\/\/cabinet-frayre.com\/wp-content\/uploads\/2026\/01\/meb-85x85.png 85w\" sizes=\"(max-width: 300px) 100vw, 300px\" \/>\t\t\t\t\t\t\t\t<\/a>\n\t\t\t\t\t\t\t\t\t\t\t\t\t\t\t<\/div>\n\t\t\t\t<\/div>\n\t\t<div class=\"elementor-element elementor-element-7667a2d e-con-full e-flex e-con e-child\" data-id=\"7667a2d\" data-element_type=\"container\">\n\t\t\t\t<div class=\"elementor-element elementor-element-08ebf48 elementor-widget__width-initial elementor-widget-tablet__width-initial elementor-widget elementor-widget-image\" data-id=\"08ebf48\" data-element_type=\"widget\" data-widget_type=\"image.default\">\n\t\t\t\t\t\t\t\t\t\t\t\t\t\t\t\t<a href=\"https:\/\/www.apgen.org\/\" target=\"_blank\">\n\t\t\t\t\t\t\t<img decoding=\"async\" width=\"300\" height=\"300\" src=\"https:\/\/cabinet-frayre.com\/wp-content\/uploads\/2026\/01\/APG_member-300x300.png\" class=\"attachment-medium size-medium wp-image-5622\" alt=\"APG (Association of Professional Genealogists)\" srcset=\"https:\/\/cabinet-frayre.com\/wp-content\/uploads\/2026\/01\/APG_member-300x300.png 300w, https:\/\/cabinet-frayre.com\/wp-content\/uploads\/2026\/01\/APG_member-150x150.png 150w, https:\/\/cabinet-frayre.com\/wp-content\/uploads\/2026\/01\/APG_member-80x80.png 80w, https:\/\/cabinet-frayre.com\/wp-content\/uploads\/2026\/01\/APG_member-400x400.png 400w, https:\/\/cabinet-frayre.com\/wp-content\/uploads\/2026\/01\/APG_member-85x85.png 85w, https:\/\/cabinet-frayre.com\/wp-content\/uploads\/2026\/01\/APG_member.png 500w\" sizes=\"(max-width: 300px) 100vw, 300px\" \/>\t\t\t\t\t\t\t\t<\/a>\n\t\t\t\t\t\t\t\t\t\t\t\t\t\t\t<\/div>\n\t\t\t\t<\/div>\n\t\t\t\t<\/div>\n\t\t<div class=\"elementor-element elementor-element-cfd2797 e-con-full e-flex e-con e-child\" data-id=\"cfd2797\" data-element_type=\"container\">\n\t\t\t\t<div class=\"elementor-element elementor-element-30b0992 elementor-widget elementor-widget-spacer\" data-id=\"30b0992\" data-element_type=\"widget\" data-widget_type=\"spacer.default\">\n\t\t\t\t\t\t\t<div class=\"elementor-spacer\">\n\t\t\t<div class=\"elementor-spacer-inner\"><\/div>\n\t\t<\/div>\n\t\t\t\t\t\t<\/div>\n\t\t\t\t<div class=\"elementor-element elementor-element-e25a9cf elementor-widget-divider--view-line elementor-widget elementor-widget-divider\" data-id=\"e25a9cf\" data-element_type=\"widget\" data-widget_type=\"divider.default\">\n\t\t\t\t\t\t\t<div class=\"elementor-divider\">\n\t\t\t<span class=\"elementor-divider-separator\">\n\t\t\t\t\t\t<\/span>\n\t\t<\/div>\n\t\t\t\t\t\t<\/div>\n\t\t\t\t<div class=\"elementor-element elementor-element-9a267fb elementor-widget elementor-widget-spacer\" data-id=\"9a267fb\" data-element_type=\"widget\" data-widget_type=\"spacer.default\">\n\t\t\t\t\t\t\t<div class=\"elementor-spacer\">\n\t\t\t<div class=\"elementor-spacer-inner\"><\/div>\n\t\t<\/div>\n\t\t\t\t\t\t<\/div>\n\t\t\t\t<\/div>\n\t\t\t\t<\/div>\n\t\t\t\t<\/div>\n\t\t\t\t\t<\/div>\n\t\t\t\t<\/div>\n\t\t\t\t<\/div>\n\t\t","protected":false},"excerpt":{"rendered":"<p>Our Services Probate Genealogy &amp; Heir Search Notaries The notary needs more than anybody else to turn to international professional expert for help in inheritance law cases and heirs research. Read More Lawyers For many years our lawyers and genealogists have been working closely with attorneys to confirm inheritance rights or to simply establish it&#8230;<\/p>\n","protected":false},"author":1,"featured_media":0,"parent":0,"menu_order":0,"comment_status":"closed","ping_status":"closed","template":"elementor_header_footer","meta":{"footnotes":""},"class_list":["post-53","page","type-page","status-publish","hentry"],"yoast_head":"<!-- This site is optimized with the Yoast SEO plugin v26.8 - https:\/\/yoast.com\/product\/yoast-seo-wordpress\/ -->\n<title>Expertise | Cabinet Frayre &amp; Associ\u00e9s<\/title>\n<meta name=\"description\" content=\"Cabinet Frayre supports notaries, lawyers, and institutions through its probate genealogy expertise in Monaco, Paris, Bordeaux, Milan...\" \/>\n<meta name=\"robots\" content=\"index, follow, max-snippet:-1, max-image-preview:large, max-video-preview:-1\" \/>\n<link rel=\"canonical\" href=\"https:\/\/cabinet-frayre.com\/en\/areas-of-expertise\/\" \/>\n<meta property=\"og:locale\" content=\"en_US\" \/>\n<meta property=\"og:type\" content=\"article\" \/>\n<meta property=\"og:title\" content=\"Expertise | Cabinet Frayre &amp; Associ\u00e9s\" \/>\n<meta property=\"og:description\" content=\"Cabinet Frayre supports notaries, lawyers, and institutions through its probate genealogy expertise in Monaco, Paris, Bordeaux, Milan...\" \/>\n<meta property=\"og:url\" content=\"https:\/\/cabinet-frayre.com\/en\/areas-of-expertise\/\" \/>\n<meta property=\"og:site_name\" content=\"Cabinet Frayre &amp; Associ\u00e9s\" \/>\n<meta property=\"article:publisher\" content=\"https:\/\/www.facebook.com\/profile.php?id=100054599792739\" \/>\n<meta property=\"article:modified_time\" content=\"2026-03-12T09:42:36+00:00\" \/>\n<meta property=\"og:image\" content=\"https:\/\/cabinet-frayre.com\/wp-content\/uploads\/2026\/02\/notaries.t.1.svg\" \/>\n<meta name=\"twitter:card\" content=\"summary_large_image\" \/>\n<meta name=\"twitter:site\" content=\"@Cabiner_Frayre\" \/>\n<meta name=\"twitter:label1\" content=\"Est. reading time\" \/>\n\t<meta name=\"twitter:data1\" content=\"5 minutes\" \/>\n<script type=\"application\/ld+json\" class=\"yoast-schema-graph\">{\"@context\":\"https:\/\/schema.org\",\"@graph\":[{\"@type\":\"WebPage\",\"@id\":\"https:\/\/cabinet-frayre.com\/en\/areas-of-expertise\/\",\"url\":\"https:\/\/cabinet-frayre.com\/en\/areas-of-expertise\/\",\"name\":\"Expertise | Cabinet Frayre &amp; Associ\u00e9s\",\"isPartOf\":{\"@id\":\"https:\/\/cabinet-frayre.com\/en\/#website\"},\"primaryImageOfPage\":{\"@id\":\"https:\/\/cabinet-frayre.com\/en\/areas-of-expertise\/#primaryimage\"},\"image\":{\"@id\":\"https:\/\/cabinet-frayre.com\/en\/areas-of-expertise\/#primaryimage\"},\"thumbnailUrl\":\"https:\/\/cabinet-frayre.com\/wp-content\/uploads\/2026\/02\/notaries.t.1.svg\",\"datePublished\":\"2024-12-17T05:24:23+00:00\",\"dateModified\":\"2026-03-12T09:42:36+00:00\",\"description\":\"Cabinet Frayre supports notaries, lawyers, and institutions through its probate genealogy expertise in Monaco, Paris, Bordeaux, Milan...\",\"breadcrumb\":{\"@id\":\"https:\/\/cabinet-frayre.com\/en\/areas-of-expertise\/#breadcrumb\"},\"inLanguage\":\"en-US\",\"potentialAction\":[{\"@type\":\"ReadAction\",\"target\":[\"https:\/\/cabinet-frayre.com\/en\/areas-of-expertise\/\"]}]},{\"@type\":\"ImageObject\",\"inLanguage\":\"en-US\",\"@id\":\"https:\/\/cabinet-frayre.com\/en\/areas-of-expertise\/#primaryimage\",\"url\":\"https:\/\/cabinet-frayre.com\/wp-content\/uploads\/2026\/02\/notaries.t.1.svg\",\"contentUrl\":\"https:\/\/cabinet-frayre.com\/wp-content\/uploads\/2026\/02\/notaries.t.1.svg\"},{\"@type\":\"BreadcrumbList\",\"@id\":\"https:\/\/cabinet-frayre.com\/en\/areas-of-expertise\/#breadcrumb\",\"itemListElement\":[{\"@type\":\"ListItem\",\"position\":1,\"name\":\"Home\",\"item\":\"https:\/\/cabinet-frayre.com\/en\/\"},{\"@type\":\"ListItem\",\"position\":2,\"name\":\"Expertise\"}]},{\"@type\":\"WebSite\",\"@id\":\"https:\/\/cabinet-frayre.com\/en\/#website\",\"url\":\"https:\/\/cabinet-frayre.com\/en\/\",\"name\":\"Cabinet Frayre et Associ\u00e9s\",\"description\":\"G\u00e9n\u00e9alogiste successoral et recherche d&#039;h\u00e9ritiers\",\"publisher\":{\"@id\":\"https:\/\/cabinet-frayre.com\/en\/#organization\"},\"potentialAction\":[{\"@type\":\"SearchAction\",\"target\":{\"@type\":\"EntryPoint\",\"urlTemplate\":\"https:\/\/cabinet-frayre.com\/en\/?s={search_term_string}\"},\"query-input\":{\"@type\":\"PropertyValueSpecification\",\"valueRequired\":true,\"valueName\":\"search_term_string\"}}],\"inLanguage\":\"en-US\"},{\"@type\":\"Organization\",\"@id\":\"https:\/\/cabinet-frayre.com\/en\/#organization\",\"name\":\"Cabinet Frayre et Associ\u00e9s\",\"url\":\"https:\/\/cabinet-frayre.com\/en\/\",\"logo\":{\"@type\":\"ImageObject\",\"inLanguage\":\"en-US\",\"@id\":\"https:\/\/cabinet-frayre.com\/en\/#\/schema\/logo\/image\/\",\"url\":\"https:\/\/cabinet-frayre.com\/wp-content\/uploads\/2026\/01\/cropped-Cabinet_Frayre_Associes.FAVICON.png\",\"contentUrl\":\"https:\/\/cabinet-frayre.com\/wp-content\/uploads\/2026\/01\/cropped-Cabinet_Frayre_Associes.FAVICON.png\",\"width\":512,\"height\":512,\"caption\":\"Cabinet Frayre et Associ\u00e9s\"},\"image\":{\"@id\":\"https:\/\/cabinet-frayre.com\/en\/#\/schema\/logo\/image\/\"},\"sameAs\":[\"https:\/\/www.facebook.com\/profile.php?id=100054599792739\",\"https:\/\/x.com\/Cabiner_Frayre\",\"https:\/\/www.linkedin.com\/company\/cabinet-frayre-&-associ\u00e9s\/\"]}]}<\/script>\n<!-- \/ Yoast SEO plugin. -->","yoast_head_json":{"title":"Expertise | Cabinet Frayre &amp; Associ\u00e9s","description":"Cabinet Frayre supports notaries, lawyers, and institutions through its probate genealogy expertise in Monaco, Paris, Bordeaux, Milan...","robots":{"index":"index","follow":"follow","max-snippet":"max-snippet:-1","max-image-preview":"max-image-preview:large","max-video-preview":"max-video-preview:-1"},"canonical":"https:\/\/cabinet-frayre.com\/en\/areas-of-expertise\/","og_locale":"en_US","og_type":"article","og_title":"Expertise | Cabinet Frayre &amp; Associ\u00e9s","og_description":"Cabinet Frayre supports notaries, lawyers, and institutions through its probate genealogy expertise in Monaco, Paris, Bordeaux, Milan...","og_url":"https:\/\/cabinet-frayre.com\/en\/areas-of-expertise\/","og_site_name":"Cabinet Frayre &amp; Associ\u00e9s","article_publisher":"https:\/\/www.facebook.com\/profile.php?id=100054599792739","article_modified_time":"2026-03-12T09:42:36+00:00","og_image":[{"url":"https:\/\/cabinet-frayre.com\/wp-content\/uploads\/2026\/02\/notaries.t.1.svg","type":"","width":"","height":""}],"twitter_card":"summary_large_image","twitter_site":"@Cabiner_Frayre","twitter_misc":{"Est. reading time":"5 minutes"},"schema":{"@context":"https:\/\/schema.org","@graph":[{"@type":"WebPage","@id":"https:\/\/cabinet-frayre.com\/en\/areas-of-expertise\/","url":"https:\/\/cabinet-frayre.com\/en\/areas-of-expertise\/","name":"Expertise | Cabinet Frayre &amp; Associ\u00e9s","isPartOf":{"@id":"https:\/\/cabinet-frayre.com\/en\/#website"},"primaryImageOfPage":{"@id":"https:\/\/cabinet-frayre.com\/en\/areas-of-expertise\/#primaryimage"},"image":{"@id":"https:\/\/cabinet-frayre.com\/en\/areas-of-expertise\/#primaryimage"},"thumbnailUrl":"https:\/\/cabinet-frayre.com\/wp-content\/uploads\/2026\/02\/notaries.t.1.svg","datePublished":"2024-12-17T05:24:23+00:00","dateModified":"2026-03-12T09:42:36+00:00","description":"Cabinet Frayre supports notaries, lawyers, and institutions through its probate genealogy expertise in Monaco, Paris, Bordeaux, Milan...","breadcrumb":{"@id":"https:\/\/cabinet-frayre.com\/en\/areas-of-expertise\/#breadcrumb"},"inLanguage":"en-US","potentialAction":[{"@type":"ReadAction","target":["https:\/\/cabinet-frayre.com\/en\/areas-of-expertise\/"]}]},{"@type":"ImageObject","inLanguage":"en-US","@id":"https:\/\/cabinet-frayre.com\/en\/areas-of-expertise\/#primaryimage","url":"https:\/\/cabinet-frayre.com\/wp-content\/uploads\/2026\/02\/notaries.t.1.svg","contentUrl":"https:\/\/cabinet-frayre.com\/wp-content\/uploads\/2026\/02\/notaries.t.1.svg"},{"@type":"BreadcrumbList","@id":"https:\/\/cabinet-frayre.com\/en\/areas-of-expertise\/#breadcrumb","itemListElement":[{"@type":"ListItem","position":1,"name":"Home","item":"https:\/\/cabinet-frayre.com\/en\/"},{"@type":"ListItem","position":2,"name":"Expertise"}]},{"@type":"WebSite","@id":"https:\/\/cabinet-frayre.com\/en\/#website","url":"https:\/\/cabinet-frayre.com\/en\/","name":"Cabinet Frayre et Associ\u00e9s","description":"G\u00e9n\u00e9alogiste successoral et recherche d&#039;h\u00e9ritiers","publisher":{"@id":"https:\/\/cabinet-frayre.com\/en\/#organization"},"potentialAction":[{"@type":"SearchAction","target":{"@type":"EntryPoint","urlTemplate":"https:\/\/cabinet-frayre.com\/en\/?s={search_term_string}"},"query-input":{"@type":"PropertyValueSpecification","valueRequired":true,"valueName":"search_term_string"}}],"inLanguage":"en-US"},{"@type":"Organization","@id":"https:\/\/cabinet-frayre.com\/en\/#organization","name":"Cabinet Frayre et Associ\u00e9s","url":"https:\/\/cabinet-frayre.com\/en\/","logo":{"@type":"ImageObject","inLanguage":"en-US","@id":"https:\/\/cabinet-frayre.com\/en\/#\/schema\/logo\/image\/","url":"https:\/\/cabinet-frayre.com\/wp-content\/uploads\/2026\/01\/cropped-Cabinet_Frayre_Associes.FAVICON.png","contentUrl":"https:\/\/cabinet-frayre.com\/wp-content\/uploads\/2026\/01\/cropped-Cabinet_Frayre_Associes.FAVICON.png","width":512,"height":512,"caption":"Cabinet Frayre et Associ\u00e9s"},"image":{"@id":"https:\/\/cabinet-frayre.com\/en\/#\/schema\/logo\/image\/"},"sameAs":["https:\/\/www.facebook.com\/profile.php?id=100054599792739","https:\/\/x.com\/Cabiner_Frayre","https:\/\/www.linkedin.com\/company\/cabinet-frayre-&-associ\u00e9s\/"]}]}},"_links":{"self":[{"href":"https:\/\/cabinet-frayre.com\/en\/wp-json\/wp\/v2\/pages\/53","targetHints":{"allow":["GET"]}}],"collection":[{"href":"https:\/\/cabinet-frayre.com\/en\/wp-json\/wp\/v2\/pages"}],"about":[{"href":"https:\/\/cabinet-frayre.com\/en\/wp-json\/wp\/v2\/types\/page"}],"author":[{"embeddable":true,"href":"https:\/\/cabinet-frayre.com\/en\/wp-json\/wp\/v2\/users\/1"}],"replies":[{"embeddable":true,"href":"https:\/\/cabinet-frayre.com\/en\/wp-json\/wp\/v2\/comments?post=53"}],"version-history":[{"count":56,"href":"https:\/\/cabinet-frayre.com\/en\/wp-json\/wp\/v2\/pages\/53\/revisions"}],"predecessor-version":[{"id":8658,"href":"https:\/\/cabinet-frayre.com\/en\/wp-json\/wp\/v2\/pages\/53\/revisions\/8658"}],"wp:attachment":[{"href":"https:\/\/cabinet-frayre.com\/en\/wp-json\/wp\/v2\/media?parent=53"}],"curies":[{"name":"wp","href":"https:\/\/api.w.org\/{rel}","templated":true}]}}